{"id":95,"date":"2016-01-17T16:49:36","date_gmt":"2016-01-17T16:49:36","guid":{"rendered":"http:\/\/equipefenix.com.br\/construcoes\/?page_id=95"},"modified":"2021-08-09T20:50:46","modified_gmt":"2021-08-09T20:50:46","slug":"construcao","status":"publish","type":"page","link":"https:\/\/equipefenix.com.br\/construcoes\/index.php\/construcao\/","title":{"rendered":"Constru\u00e7\u00e3o"},"content":{"rendered":"<p>Constru\u00edmos tamb\u00e9m piscinas, saunas e \u00e1reas de lazer\u00a0para resid\u00eancias e pousadas.<\/p>\n<p>Constru\u00e7\u00e3o em <strong>Itaipava<\/strong>, <strong>Maric\u00e1<\/strong> e <strong>Regi\u00e3o Oce\u00e2nica<\/strong>, constru\u00e7\u00e3o na\u00a0<strong>Zona Oeste<\/strong>,\u00a0<strong>Barra<\/strong>,\u00a0<strong>Recreio<\/strong>,\u00a0e demais regi\u00f5es do Rio- Consulte-nos!<\/p>\n<hr \/>\n\t\t<div id=\"instagram-gallery-feed-6\" class=\"instagram-gallery-feed\" data-feed=\"{&quot;id&quot;:6,&quot;account_id&quot;:&quot;17841405772966752&quot;,&quot;source&quot;:&quot;username&quot;,&quot;tag&quot;:&quot;wordpress&quot;,&quot;order_by&quot;:&quot;top_media&quot;,&quot;layout&quot;:&quot;carousel&quot;,&quot;limit&quot;:45,&quot;columns&quot;:3,&quot;spacing&quot;:10,&quot;lazy&quot;:true,&quot;responsive&quot;:{&quot;desktop&quot;:{&quot;columns&quot;:3,&quot;spacing&quot;:10},&quot;tablet&quot;:{&quot;columns&quot;:2,&quot;spacing&quot;:8},&quot;mobile&quot;:{&quot;columns&quot;:1,&quot;spacing&quot;:6},&quot;breakpoints&quot;:{&quot;tablet&quot;:768,&quot;mobile&quot;:480}},&quot;aspect_ratio&quot;:{&quot;width&quot;:1,&quot;height&quot;:1},&quot;highlight&quot;:{&quot;tag&quot;:&quot;&quot;,&quot;id&quot;:&quot;&quot;,&quot;position&quot;:&quot;&quot;},&quot;reel&quot;:{&quot;hide&quot;:false},&quot;copyright&quot;:{&quot;hide&quot;:false,&quot;placeholder&quot;:&quot;&quot;},&quot;profile&quot;:{&quot;display&quot;:false,&quot;username&quot;:&quot;&quot;,&quot;nickname&quot;:&quot;&quot;,&quot;website&quot;:&quot;&quot;,&quot;biography&quot;:&quot;&quot;,&quot;link_text&quot;:&quot;Follow&quot;,&quot;website_text&quot;:&quot;Website&quot;,&quot;avatar&quot;:&quot;&quot;},&quot;box&quot;:{&quot;display&quot;:false,&quot;padding&quot;:1,&quot;radius&quot;:0,&quot;background&quot;:&quot;#fefefe&quot;,&quot;profile&quot;:false,&quot;desc&quot;:&quot;&quot;,&quot;text_color&quot;:&quot;#000000&quot;},&quot;mask&quot;:{&quot;display&quot;:true,&quot;background&quot;:&quot;#000000&quot;,&quot;icon_color&quot;:&quot;#ffffff&quot;,&quot;likes_count&quot;:true,&quot;comments_count&quot;:true},&quot;card&quot;:{&quot;display&quot;:false,&quot;radius&quot;:1,&quot;font_size&quot;:12,&quot;background&quot;:&quot;#ffffff&quot;,&quot;background_hover&quot;:&quot;&quot;,&quot;text_color&quot;:&quot;#000000&quot;,&quot;padding&quot;:5,&quot;likes_count&quot;:true,&quot;text_length&quot;:10,&quot;comments_count&quot;:true,&quot;text_align&quot;:&quot;left&quot;},&quot;carousel&quot;:{&quot;centered_slides&quot;:false,&quot;autoplay&quot;:false,&quot;autoplay_interval&quot;:3000,&quot;navarrows&quot;:true,&quot;navarrows_color&quot;:&quot;&quot;,&quot;pagination&quot;:true,&quot;pagination_color&quot;:&quot;&quot;},&quot;modal&quot;:{&quot;display&quot;:true,&quot;profile&quot;:false,&quot;media_description&quot;:true,&quot;likes_count&quot;:true,&quot;comments_count&quot;:true,&quot;comments_list&quot;:false,&quot;text_align&quot;:&quot;left&quot;,&quot;modal_align&quot;:&quot;right&quot;,&quot;text_length&quot;:10000,&quot;font_size&quot;:12},&quot;button&quot;:{&quot;display&quot;:true,&quot;text&quot;:&quot;VER + FOTOS NO INSTAGRAM&quot;,&quot;text_color&quot;:&quot;#ffff&quot;,&quot;background&quot;:&quot;&quot;,&quot;background_hover&quot;:&quot;&quot;},&quot;button_load&quot;:{&quot;display&quot;:false,&quot;text&quot;:&quot;Load more...&quot;,&quot;text_color&quot;:&quot;#ffff&quot;,&quot;background&quot;:&quot;&quot;,&quot;background_hover&quot;:&quot;&quot;}}\">\n\t\t<!-- <FeedContainer\/> -->\n\t\t<\/div>\n\t\t\n<hr \/>\n<p><strong>Clique nos t\u00f3picos abaixo<\/strong> e saiba mais sobre nossos principais servi\u00e7os:<br \/>\n<div class=\"su-spoiler su-spoiler-style-fancy su-spoiler-icon-caret su-spoiler-closed\" data-scroll-offset=\"0\" data-anchor-in-url=\"no\"><div class=\"su-spoiler-title\" tabindex=\"0\" role=\"button\"><span class=\"su-spoiler-icon\"><\/span>Servi\u00e7os de impermeabiliza\u00e7\u00e3o<\/div><div class=\"su-spoiler-content su-u-clearfix su-u-trim\">Utilizando os mais modernos e eficientes produtos e t\u00e9cnicas de impermeabiliza\u00e7\u00e3o de cisternas, piscinas, lages e \u00e1reas externas\u00a0em geral.<\/div><\/div>\n<div class=\"su-spoiler su-spoiler-style-fancy su-spoiler-icon-caret su-spoiler-closed\" data-scroll-offset=\"0\" data-anchor-in-url=\"no\"><div class=\"su-spoiler-title\" tabindex=\"0\" role=\"button\"><span class=\"su-spoiler-icon\"><\/span>Muros de conte\u00e7\u00e3o<\/div><div class=\"su-spoiler-content su-u-clearfix su-u-trim\">Constru\u00e7\u00e3o de muros e estruturas de conten\u00e7\u00e3o no pr\u00e9 ou p\u00f3s obra.<\/div><\/div>\n<div class=\"su-spoiler su-spoiler-style-fancy su-spoiler-icon-caret su-spoiler-closed\" data-scroll-offset=\"0\" data-anchor-in-url=\"no\"><div class=\"su-spoiler-title\" tabindex=\"0\" role=\"button\"><span class=\"su-spoiler-icon\"><\/span>Telhados <\/div><div class=\"su-spoiler-content su-u-clearfix su-u-trim\">Telhados em madeira, e rebaixamento de gesso. Especializada em Telhados, a Equipe F\u00eanix disponibiliza solu\u00e7\u00f5es completas para execu\u00e7\u00e3o de telhados, al\u00e9m de revestimento com gesso e sancas<\/div><\/div>\n<div class=\"su-spoiler su-spoiler-style-fancy su-spoiler-icon-caret su-spoiler-closed\" data-scroll-offset=\"0\" data-anchor-in-url=\"no\"><div class=\"su-spoiler-title\" tabindex=\"0\" role=\"button\"><span class=\"su-spoiler-icon\"><\/span>Redes el\u00e9tricas e hidr\u00e1ulicas<\/div><div class=\"su-spoiler-content su-u-clearfix su-u-trim\">Saneamentos, redes hidr\u00e1ulicas e el\u00e9tricas <\/div><\/div>\n<div class=\"su-spoiler su-spoiler-style-fancy su-spoiler-icon-caret su-spoiler-closed\" data-scroll-offset=\"0\" data-anchor-in-url=\"no\"><div class=\"su-spoiler-title\" tabindex=\"0\" role=\"button\"><span class=\"su-spoiler-icon\"><\/span>Piscinas e \u00e1reas de lazer<\/div><div class=\"su-spoiler-content su-u-clearfix su-u-trim\">Constru\u00e7\u00e3o de piscinas naturais ou aquecidas, constru\u00e7\u00e3o de saunas, fornos e churrasqueiras em \u00e1reas externas. <\/div><\/div>\n<div class=\"su-spoiler su-spoiler-style-fancy su-spoiler-icon-caret su-spoiler-closed\" data-scroll-offset=\"0\" data-anchor-in-url=\"no\"><div class=\"su-spoiler-title\" tabindex=\"0\" role=\"button\"><span class=\"su-spoiler-icon\"><\/span>Pintura e texturiza\u00e7\u00f5es<\/div><div class=\"su-spoiler-content su-u-clearfix su-u-trim\">Pinturas externas, internas, e texturiza\u00e7\u00f5es. Utilizamos material de primeira qualidade e profissionais com experi\u00eancia e habilidade para realizar pinturas r\u00e1pidas, dur\u00e1veis, com entrega da \u00e1rea limpa e sem vest\u00edgios de tinta. <\/div><\/div>\n<div class=\"su-spoiler su-spoiler-style-fancy su-spoiler-icon-caret su-spoiler-closed\" data-scroll-offset=\"0\" data-anchor-in-url=\"no\"><div class=\"su-spoiler-title\" tabindex=\"0\" role=\"button\"><span class=\"su-spoiler-icon\"><\/span>Banheiros e lavabos<\/div><div class=\"su-spoiler-content su-u-clearfix su-u-trim\">Instala\u00e7\u00e3o e redes hidr\u00e1ulicas de banheiros e lavabos. Executamos servi\u00e7os de ladrilheiros e bombeiro, atuando na constru\u00e7\u00e3o e reformas de banheiros e lavabos para resid\u00eancias, restaurantes e com\u00e9rcios, com acabamento profissional!<\/div><\/div>\n<div class=\"su-spoiler su-spoiler-style-fancy su-spoiler-icon-caret su-spoiler-closed\" data-scroll-offset=\"0\" data-anchor-in-url=\"no\"><div class=\"su-spoiler-title\" tabindex=\"0\" role=\"button\"><span class=\"su-spoiler-icon\"><\/span>Bancadas e Cubas<\/div><div class=\"su-spoiler-content su-u-clearfix su-u-trim\">Bancadas m\u00e1rmores ou granito e instala\u00e7\u00e3o de cubas. <\/div><\/div>\n<div class=\"su-spoiler su-spoiler-style-fancy su-spoiler-icon-caret su-spoiler-closed\" data-scroll-offset=\"0\" data-anchor-in-url=\"no\"><div class=\"su-spoiler-title\" tabindex=\"0\" role=\"button\"><span class=\"su-spoiler-icon\"><\/span>Decks e varandas<\/div><div class=\"su-spoiler-content su-u-clearfix su-u-trim\">Constru\u00e7\u00e3o de decks projetados de madeira em \u00e1reas externas e internas, al\u00e9m de constru\u00e7\u00e3o de varandas fechadas ou abertas, executando seu projeto com seguran\u00e7a, qualidade e est\u00e9tica.<\/div><\/div>\n<div class=\"su-spoiler su-spoiler-style-fancy su-spoiler-icon-caret su-spoiler-closed\" data-scroll-offset=\"0\" data-anchor-in-url=\"no\"><div class=\"su-spoiler-title\" tabindex=\"0\" role=\"button\"><span class=\"su-spoiler-icon\"><\/span>Coloca\u00e7\u00e3o de pisos em porcelanato, cer\u00e2mica ou madeira e sintecos<\/div><div class=\"su-spoiler-content su-u-clearfix su-u-trim\">Coloca\u00e7\u00e3o de pisos de \u00e1reas internos e\u00a0externos e revestimentos diversos, \u00a0especialmente porcelanatos, cer\u00e2micas e pisos de madeira. Alem de outros servi\u00e7os. Contamos ainda com servi\u00e7os\u00a0pr\u00f3prio de calafate, atuando na constru\u00e7\u00e3o e recupera\u00e7\u00e3o de sintecos e pisos de madeira antigos. <\/div><\/div>\n<div class=\"su-spoiler su-spoiler-style-fancy su-spoiler-icon-caret su-spoiler-closed\" data-scroll-offset=\"0\" data-anchor-in-url=\"no\"><div class=\"su-spoiler-title\" tabindex=\"0\" role=\"button\"><span class=\"su-spoiler-icon\"><\/span>Port\u00f5es e Cercas<\/div><div class=\"su-spoiler-content su-u-clearfix su-u-trim\">Port\u00f5es de madeira ou eletr\u00f4nicos e cercamentos. <\/div><\/div>\n<div class=\"su-spoiler su-spoiler-style-fancy su-spoiler-icon-caret su-spoiler-closed\" data-scroll-offset=\"0\" data-anchor-in-url=\"no\"><div class=\"su-spoiler-title\" tabindex=\"0\" role=\"button\"><span class=\"su-spoiler-icon\"><\/span>banheiras, Hidromassagem e ofur\u00f4 <\/div><div class=\"su-spoiler-content su-u-clearfix su-u-trim\">Instala\u00e7\u00e3o de banheiras e banheiras de hidromassagem, ofur\u00f4s e mini spa em resid\u00eancia ou em pousadas e hot\u00e9is. <\/div><\/div>\n<div class=\"su-spoiler su-spoiler-style-fancy su-spoiler-icon-caret su-spoiler-closed\" data-scroll-offset=\"0\" data-anchor-in-url=\"no\"><div class=\"su-spoiler-title\" tabindex=\"0\" role=\"button\"><span class=\"su-spoiler-icon\"><\/span>Reforma de port\u00f5es e cercas<\/div><div class=\"su-spoiler-content su-u-clearfix su-u-trim\"> Revitaliza\u00e7\u00e3o de port\u00f5ese \u00a0constru\u00e7\u00e3o de cercas. <\/div><\/div>\n<a href=\"http:\/\/equipefenix.com.br\/construcoes\/index.php\/fotos-de-obras\/\" class=\"su-button su-button-style-default\" style=\"color:#FFFFFF;background-color:#3498DB;border-color:#2a7ab0;border-radius:5px\" target=\"_self\"><span style=\"color:#FFFFFF;padding:6px 16px;font-size:13px;line-height:20px;border-color:#71b7e6;border-radius:5px;text-shadow:none\"><i class=\"sui sui-road\" style=\"font-size:13px;color:#FFFFFF\"><\/i> Clique e conhe\u00e7a nossas obras<\/span><\/a>\u00a0<a href=\"http:\/\/equipefenix.com.br\/construcoes\/index.php\/contatos\/\" class=\"su-button su-button-style-default\" style=\"color:#FFFFFF;background-color:#3498DB;border-color:#2a7ab0;border-radius:5px\" target=\"_self\"><span style=\"color:#FFFFFF;padding:6px 16px;font-size:13px;line-height:20px;border-color:#71b7e6;border-radius:5px;text-shadow:none\"><i class=\"sui sui-send\" style=\"font-size:13px;color:#FFFFFF\"><\/i> Clique e solicite or\u00e7amentos<\/span><\/a>\n<hr \/>\n<p>&nbsp;<\/p>\n<blockquote><div class=\"su-quote su-quote-style-default su-quote-has-cite\"><div class=\"su-quote-inner su-u-clearfix su-u-trim\"><strong>Atuamos em todas as etapas da sua constru\u00e7\u00e3o!<\/strong>! <span class=\"su-quote-cite\">Atuamos em Petr\u00f3polis e demais cidades da regi\u00e3o serrana e no Rio de Janeiro, incluindo Barra da Tijuca e Zona Sul e atuamos ainda nas cidades da Regi\u00e3o dos Lagos.<\/span><\/div><\/div><\/blockquote>\n<p><a href=\"http:\/\/equipefenix.com.br\/construcoes\/index.php\/contatos\/\"><img loading=\"lazy\" decoding=\"async\" class=\"aligncenter size-full wp-image-323\" src=\"http:\/\/equipefenix.com.br\/construcoes\/wp-content\/uploads\/2016\/01\/cartoes.png\" alt=\"cartoes\" width=\"550\" height=\"356\" srcset=\"https:\/\/equipefenix.com.br\/construcoes\/wp-content\/uploads\/2016\/01\/cartoes.png 550w, https:\/\/equipefenix.com.br\/construcoes\/wp-content\/uploads\/2016\/01\/cartoes-300x194.png 300w\" sizes=\"auto, (max-width: 550px) 100vw, 550px\" \/><\/a><\/p>\n","protected":false},"excerpt":{"rendered":"<p>Constru\u00edmos tamb\u00e9m piscinas, saunas e \u00e1reas de lazer\u00a0para resid\u00eancias e pousadas. Constru\u00e7\u00e3o em Itaipava, Maric\u00e1 e Regi\u00e3o Oce\u00e2nica, constru\u00e7\u00e3o na\u00a0Zona Oeste,\u00a0Barra,\u00a0Recreio,\u00a0e demais regi\u00f5es do Rio- Consulte-nos! Clique nos t\u00f3picos abaixo e saiba mais sobre nossos principais servi\u00e7os: \u00a0 &nbsp;<\/p>\n","protected":false},"author":1,"featured_media":544,"parent":0,"menu_order":0,"comment_status":"closed","ping_status":"closed","template":"","meta":{"footnotes":"","_links_to":"","_links_to_target":""},"class_list":["post-95","page","type-page","status-publish","has-post-thumbnail","hentry"],"yoast_head":"<!-- This site is optimized with the Yoast SEO plugin v26.7 - https:\/\/yoast.com\/wordpress\/plugins\/seo\/ -->\n<title>Constru\u00e7\u00e3o - EQUIPE FENIX Constru\u00e7\u00e3o e Reformas RJ<\/title>\n<meta name=\"description\" content=\"Constru\u00e7\u00e3o e Reformas em Geral, Equipe Fenix atua \u00e9 especilizada em obras al\u00e9m de constru\u00e7\u00e3o e reforma de piscinas e Impermeabiliza\u00e7\u00e3o, Regi\u00e3o Serrana e Rio\" \/>\n<meta name=\"robots\" content=\"index, follow, max-snippet:-1, max-image-preview:large, max-video-preview:-1\" \/>\n<link rel=\"canonical\" href=\"https:\/\/equipefenix.com.br\/construcoes\/index.php\/construcao\/\" \/>\n<meta property=\"og:locale\" content=\"pt_BR\" \/>\n<meta property=\"og:type\" content=\"article\" \/>\n<meta property=\"og:title\" content=\"Constru\u00e7\u00e3o - EQUIPE FENIX Constru\u00e7\u00e3o e Reformas RJ\" \/>\n<meta property=\"og:description\" content=\"Constru\u00e7\u00e3o e Reformas em Geral, Equipe Fenix atua \u00e9 especilizada em obras al\u00e9m de constru\u00e7\u00e3o e reforma de piscinas e Impermeabiliza\u00e7\u00e3o, Regi\u00e3o Serrana e Rio\" \/>\n<meta property=\"og:url\" content=\"https:\/\/equipefenix.com.br\/construcoes\/index.php\/construcao\/\" \/>\n<meta property=\"og:site_name\" content=\"EQUIPE FENIX Constru\u00e7\u00e3o e Reformas RJ\" \/>\n<meta property=\"article:publisher\" content=\"https:\/\/www.facebook.com\/Equipe-F%c3%8aNIX-Constru%c3%a7%c3%b5es-e-Reformas-1599403696778555\/\" \/>\n<meta property=\"article:modified_time\" content=\"2021-08-09T20:50:46+00:00\" \/>\n<meta property=\"og:image\" content=\"https:\/\/equipefenix.com.br\/construcoes\/wp-content\/uploads\/2016\/01\/02.jpg\" \/>\n\t<meta property=\"og:image:width\" content=\"1920\" \/>\n\t<meta property=\"og:image:height\" content=\"800\" \/>\n\t<meta property=\"og:image:type\" content=\"image\/jpeg\" \/>\n<meta name=\"twitter:card\" content=\"summary_large_image\" \/>\n<meta name=\"twitter:label1\" content=\"Est. tempo de leitura\" \/>\n\t<meta name=\"twitter:data1\" content=\"3 minutos\" \/>\n<script type=\"application\/ld+json\" class=\"yoast-schema-graph\">{\"@context\":\"https:\/\/schema.org\",\"@graph\":[{\"@type\":\"WebPage\",\"@id\":\"https:\/\/equipefenix.com.br\/construcoes\/index.php\/construcao\/\",\"url\":\"https:\/\/equipefenix.com.br\/construcoes\/index.php\/construcao\/\",\"name\":\"Constru\u00e7\u00e3o - EQUIPE FENIX Constru\u00e7\u00e3o e Reformas RJ\",\"isPartOf\":{\"@id\":\"https:\/\/equipefenix.com.br\/construcoes\/#website\"},\"primaryImageOfPage\":{\"@id\":\"https:\/\/equipefenix.com.br\/construcoes\/index.php\/construcao\/#primaryimage\"},\"image\":{\"@id\":\"https:\/\/equipefenix.com.br\/construcoes\/index.php\/construcao\/#primaryimage\"},\"thumbnailUrl\":\"https:\/\/equipefenix.com.br\/construcoes\/wp-content\/uploads\/2016\/01\/02.jpg\",\"datePublished\":\"2016-01-17T16:49:36+00:00\",\"dateModified\":\"2021-08-09T20:50:46+00:00\",\"description\":\"Constru\u00e7\u00e3o e Reformas em Geral, Equipe Fenix atua \u00e9 especilizada em obras al\u00e9m de constru\u00e7\u00e3o e reforma de piscinas e Impermeabiliza\u00e7\u00e3o, Regi\u00e3o Serrana e Rio\",\"breadcrumb\":{\"@id\":\"https:\/\/equipefenix.com.br\/construcoes\/index.php\/construcao\/#breadcrumb\"},\"inLanguage\":\"pt-BR\",\"potentialAction\":[{\"@type\":\"ReadAction\",\"target\":[\"https:\/\/equipefenix.com.br\/construcoes\/index.php\/construcao\/\"]}]},{\"@type\":\"ImageObject\",\"inLanguage\":\"pt-BR\",\"@id\":\"https:\/\/equipefenix.com.br\/construcoes\/index.php\/construcao\/#primaryimage\",\"url\":\"https:\/\/equipefenix.com.br\/construcoes\/wp-content\/uploads\/2016\/01\/02.jpg\",\"contentUrl\":\"https:\/\/equipefenix.com.br\/construcoes\/wp-content\/uploads\/2016\/01\/02.jpg\",\"width\":1920,\"height\":800,\"caption\":\"Empresa de Constru\u00e7\u00e3o de casas Itaipava, Maric\u00e1 e Regi\u00e3o Oce\u00e2nica, constru\u00e7\u00e3o na Zona Oeste, Barra, Recreio, e demais regi\u00f5es do\u00a0RJ\"},{\"@type\":\"BreadcrumbList\",\"@id\":\"https:\/\/equipefenix.com.br\/construcoes\/index.php\/construcao\/#breadcrumb\",\"itemListElement\":[{\"@type\":\"ListItem\",\"position\":1,\"name\":\"In\u00edcio\",\"item\":\"https:\/\/equipefenix.com.br\/construcoes\/\"},{\"@type\":\"ListItem\",\"position\":2,\"name\":\"Constru\u00e7\u00e3o\"}]},{\"@type\":\"WebSite\",\"@id\":\"https:\/\/equipefenix.com.br\/construcoes\/#website\",\"url\":\"https:\/\/equipefenix.com.br\/construcoes\/\",\"name\":\"EQUIPE FENIX Constru\u00e7\u00e3o e Reformas RJ\",\"description\":\"Constru\u00e7\u00f5es e Reformas Petr\u00f3polis e Rio de Janeiro\",\"publisher\":{\"@id\":\"https:\/\/equipefenix.com.br\/construcoes\/#organization\"},\"potentialAction\":[{\"@type\":\"SearchAction\",\"target\":{\"@type\":\"EntryPoint\",\"urlTemplate\":\"https:\/\/equipefenix.com.br\/construcoes\/?s={search_term_string}\"},\"query-input\":{\"@type\":\"PropertyValueSpecification\",\"valueRequired\":true,\"valueName\":\"search_term_string\"}}],\"inLanguage\":\"pt-BR\"},{\"@type\":\"Organization\",\"@id\":\"https:\/\/equipefenix.com.br\/construcoes\/#organization\",\"name\":\"EQUIPE FENIX\",\"url\":\"https:\/\/equipefenix.com.br\/construcoes\/\",\"logo\":{\"@type\":\"ImageObject\",\"inLanguage\":\"pt-BR\",\"@id\":\"https:\/\/equipefenix.com.br\/construcoes\/#\/schema\/logo\/image\/\",\"url\":\"https:\/\/equipefenix.com.br\/construcoes\/wp-content\/uploads\/2016\/01\/logox.png\",\"contentUrl\":\"https:\/\/equipefenix.com.br\/construcoes\/wp-content\/uploads\/2016\/01\/logox.png\",\"width\":206,\"height\":100,\"caption\":\"EQUIPE FENIX\"},\"image\":{\"@id\":\"https:\/\/equipefenix.com.br\/construcoes\/#\/schema\/logo\/image\/\"},\"sameAs\":[\"https:\/\/www.facebook.com\/Equipe-F\u00caNIX-Constru\u00e7\u00f5es-e-Reformas-1599403696778555\/\",\"https:\/\/www.instagram.com\/equipefenixrj\/\"]}]}<\/script>\n<!-- \/ Yoast SEO plugin. -->","yoast_head_json":{"title":"Constru\u00e7\u00e3o - EQUIPE FENIX Constru\u00e7\u00e3o e Reformas RJ","description":"Constru\u00e7\u00e3o e Reformas em Geral, Equipe Fenix atua \u00e9 especilizada em obras al\u00e9m de constru\u00e7\u00e3o e reforma de piscinas e Impermeabiliza\u00e7\u00e3o, Regi\u00e3o Serrana e Rio","robots":{"index":"index","follow":"follow","max-snippet":"max-snippet:-1","max-image-preview":"max-image-preview:large","max-video-preview":"max-video-preview:-1"},"canonical":"https:\/\/equipefenix.com.br\/construcoes\/index.php\/construcao\/","og_locale":"pt_BR","og_type":"article","og_title":"Constru\u00e7\u00e3o - EQUIPE FENIX Constru\u00e7\u00e3o e Reformas RJ","og_description":"Constru\u00e7\u00e3o e Reformas em Geral, Equipe Fenix atua \u00e9 especilizada em obras al\u00e9m de constru\u00e7\u00e3o e reforma de piscinas e Impermeabiliza\u00e7\u00e3o, Regi\u00e3o Serrana e Rio","og_url":"https:\/\/equipefenix.com.br\/construcoes\/index.php\/construcao\/","og_site_name":"EQUIPE FENIX Constru\u00e7\u00e3o e Reformas RJ","article_publisher":"https:\/\/www.facebook.com\/Equipe-F%c3%8aNIX-Constru%c3%a7%c3%b5es-e-Reformas-1599403696778555\/","article_modified_time":"2021-08-09T20:50:46+00:00","og_image":[{"width":1920,"height":800,"url":"https:\/\/equipefenix.com.br\/construcoes\/wp-content\/uploads\/2016\/01\/02.jpg","type":"image\/jpeg"}],"twitter_card":"summary_large_image","twitter_misc":{"Est. tempo de leitura":"3 minutos"},"schema":{"@context":"https:\/\/schema.org","@graph":[{"@type":"WebPage","@id":"https:\/\/equipefenix.com.br\/construcoes\/index.php\/construcao\/","url":"https:\/\/equipefenix.com.br\/construcoes\/index.php\/construcao\/","name":"Constru\u00e7\u00e3o - EQUIPE FENIX Constru\u00e7\u00e3o e Reformas RJ","isPartOf":{"@id":"https:\/\/equipefenix.com.br\/construcoes\/#website"},"primaryImageOfPage":{"@id":"https:\/\/equipefenix.com.br\/construcoes\/index.php\/construcao\/#primaryimage"},"image":{"@id":"https:\/\/equipefenix.com.br\/construcoes\/index.php\/construcao\/#primaryimage"},"thumbnailUrl":"https:\/\/equipefenix.com.br\/construcoes\/wp-content\/uploads\/2016\/01\/02.jpg","datePublished":"2016-01-17T16:49:36+00:00","dateModified":"2021-08-09T20:50:46+00:00","description":"Constru\u00e7\u00e3o e Reformas em Geral, Equipe Fenix atua \u00e9 especilizada em obras al\u00e9m de constru\u00e7\u00e3o e reforma de piscinas e Impermeabiliza\u00e7\u00e3o, Regi\u00e3o Serrana e Rio","breadcrumb":{"@id":"https:\/\/equipefenix.com.br\/construcoes\/index.php\/construcao\/#breadcrumb"},"inLanguage":"pt-BR","potentialAction":[{"@type":"ReadAction","target":["https:\/\/equipefenix.com.br\/construcoes\/index.php\/construcao\/"]}]},{"@type":"ImageObject","inLanguage":"pt-BR","@id":"https:\/\/equipefenix.com.br\/construcoes\/index.php\/construcao\/#primaryimage","url":"https:\/\/equipefenix.com.br\/construcoes\/wp-content\/uploads\/2016\/01\/02.jpg","contentUrl":"https:\/\/equipefenix.com.br\/construcoes\/wp-content\/uploads\/2016\/01\/02.jpg","width":1920,"height":800,"caption":"Empresa de Constru\u00e7\u00e3o de casas Itaipava, Maric\u00e1 e Regi\u00e3o Oce\u00e2nica, constru\u00e7\u00e3o na Zona Oeste, Barra, Recreio, e demais regi\u00f5es do\u00a0RJ"},{"@type":"BreadcrumbList","@id":"https:\/\/equipefenix.com.br\/construcoes\/index.php\/construcao\/#breadcrumb","itemListElement":[{"@type":"ListItem","position":1,"name":"In\u00edcio","item":"https:\/\/equipefenix.com.br\/construcoes\/"},{"@type":"ListItem","position":2,"name":"Constru\u00e7\u00e3o"}]},{"@type":"WebSite","@id":"https:\/\/equipefenix.com.br\/construcoes\/#website","url":"https:\/\/equipefenix.com.br\/construcoes\/","name":"EQUIPE FENIX Constru\u00e7\u00e3o e Reformas RJ","description":"Constru\u00e7\u00f5es e Reformas Petr\u00f3polis e Rio de Janeiro","publisher":{"@id":"https:\/\/equipefenix.com.br\/construcoes\/#organization"},"potentialAction":[{"@type":"SearchAction","target":{"@type":"EntryPoint","urlTemplate":"https:\/\/equipefenix.com.br\/construcoes\/?s={search_term_string}"},"query-input":{"@type":"PropertyValueSpecification","valueRequired":true,"valueName":"search_term_string"}}],"inLanguage":"pt-BR"},{"@type":"Organization","@id":"https:\/\/equipefenix.com.br\/construcoes\/#organization","name":"EQUIPE FENIX","url":"https:\/\/equipefenix.com.br\/construcoes\/","logo":{"@type":"ImageObject","inLanguage":"pt-BR","@id":"https:\/\/equipefenix.com.br\/construcoes\/#\/schema\/logo\/image\/","url":"https:\/\/equipefenix.com.br\/construcoes\/wp-content\/uploads\/2016\/01\/logox.png","contentUrl":"https:\/\/equipefenix.com.br\/construcoes\/wp-content\/uploads\/2016\/01\/logox.png","width":206,"height":100,"caption":"EQUIPE FENIX"},"image":{"@id":"https:\/\/equipefenix.com.br\/construcoes\/#\/schema\/logo\/image\/"},"sameAs":["https:\/\/www.facebook.com\/Equipe-F\u00caNIX-Constru\u00e7\u00f5es-e-Reformas-1599403696778555\/","https:\/\/www.instagram.com\/equipefenixrj\/"]}]}},"_links":{"self":[{"href":"https:\/\/equipefenix.com.br\/construcoes\/index.php\/wp-json\/wp\/v2\/pages\/95","targetHints":{"allow":["GET"]}}],"collection":[{"href":"https:\/\/equipefenix.com.br\/construcoes\/index.php\/wp-json\/wp\/v2\/pages"}],"about":[{"href":"https:\/\/equipefenix.com.br\/construcoes\/index.php\/wp-json\/wp\/v2\/types\/page"}],"author":[{"embeddable":true,"href":"https:\/\/equipefenix.com.br\/construcoes\/index.php\/wp-json\/wp\/v2\/users\/1"}],"replies":[{"embeddable":true,"href":"https:\/\/equipefenix.com.br\/construcoes\/index.php\/wp-json\/wp\/v2\/comments?post=95"}],"version-history":[{"count":19,"href":"https:\/\/equipefenix.com.br\/construcoes\/index.php\/wp-json\/wp\/v2\/pages\/95\/revisions"}],"predecessor-version":[{"id":520,"href":"https:\/\/equipefenix.com.br\/construcoes\/index.php\/wp-json\/wp\/v2\/pages\/95\/revisions\/520"}],"wp:featuredmedia":[{"embeddable":true,"href":"https:\/\/equipefenix.com.br\/construcoes\/index.php\/wp-json\/wp\/v2\/media\/544"}],"wp:attachment":[{"href":"https:\/\/equipefenix.com.br\/construcoes\/index.php\/wp-json\/wp\/v2\/media?parent=95"}],"curies":[{"name":"wp","href":"https:\/\/api.w.org\/{rel}","templated":true}]}}