{"id":58,"date":"2016-01-15T12:32:08","date_gmt":"2016-01-15T12:32:08","guid":{"rendered":"http:\/\/equipefenix.com.br\/construcoes\/?page_id=58"},"modified":"2021-08-09T21:02:20","modified_gmt":"2021-08-09T21:02:20","slug":"contatos","status":"publish","type":"page","link":"https:\/\/equipefenix.com.br\/construcoes\/index.php\/contatos\/","title":{"rendered":"Contatos"},"content":{"rendered":"<p><a href=\"http:\/\/equipefenix.com.br\/construcoes\/wp-content\/uploads\/2017\/01\/fenix_cards.png\" data-rel=\"lightbox-image-0\" data-rl_title=\"\" data-rl_caption=\"\" title=\"\"><img loading=\"lazy\" decoding=\"async\" class=\"size-full wp-image-318 alignright\" src=\"http:\/\/equipefenix.com.br\/construcoes\/wp-content\/uploads\/2017\/01\/fenix_cards.png\" alt=\"fenix_cards\" width=\"261\" height=\"89\" \/><\/a><strong>Tels<\/strong>.:<br \/>\n<strong>(24) 9 9827-4671 | (24) 9 8802-9957 | (24) 9 9827-4671<\/strong><br \/>\n<strong>Whatsapp<\/strong>: <a href=\"https:\/\/api.whatsapp.com\/send?phone=5521969198204\" target=\"_blank\" rel=\"noopener noreferrer\"><strong>(21) 969198204<\/strong><\/a><br \/>\n<strong>E-mails<\/strong>:\u00a0<a href=\"mailto:contatos@equipefenix.com.br\">contatos@equipefenix.com.br<\/a> | \u00a0<a href=\"mailto:sidneycespindola@gmail.com\">sidneycespindola@gmail.com<\/a><\/p>\n<a href=\"https:\/\/web.whatsapp.com\/send?phone=5521969198204\" class=\"su-button su-button-style-glass\" style=\"color:#FFFFFF;background-color:#1d882f;border-color:#186d26;border-radius:8px\" target=\"_blank\" rel=\"noopener noreferrer\"><span style=\"color:#FFFFFF;padding:7px 22px;font-size:17px;line-height:26px;border-color:#61ac6e;border-radius:8px;text-shadow:none\"><i class=\"sui sui-road\" style=\"font-size:17px;color:#FFFFFF\"><\/i> Or\u00e7amento Whatsapp<\/span><\/a>\n\n\n<!-- Fast Secure Contact Form plugin 4.0.52 - begin - FastSecureContactForm.com -->\r\n<div style=\"clear:both;\"><\/div>\n<p>Entre em contato.<\/p>\r\n<div id=\"FSContact1\" style=\"width:99%; max-width:555px;\">\r\n<form action=\"https:\/\/equipefenix.com.br\/construcoes\/index.php\/wp-json\/wp\/v2\/pages\/58#FSContact1\" id=\"fscf_form1\" method=\"post\">\r\n\n<div id=\"fscf_div_clear1_0\" style=\"clear:both;\">\n  <div id=\"fscf_div_field1_0\" style=\"clear:left; float:left; width:99%; max-width:550px; margin-right:10px;\">\r\n    <div style=\"text-align:left; padding-top:5px;\">\n      <label style=\"text-align:left;\" for=\"fscf_name1\">Nome<\/label>\n    <\/div>\r\n    <div style=\"text-align:left;\">\r\n      <input style=\"text-align:left; margin:0; width:99%; max-width:250px;\" type=\"text\" id=\"fscf_name1\" name=\"full_name\" value=\"\"  readonly=\"readonly\" \/>\r\n    <\/div>\r\n  <\/div>\n<\/div>\n\n<div id=\"fscf_div_clear1_1\" style=\"clear:both;\">\n  <div id=\"fscf_div_field1_1\" style=\"clear:left; float:left; width:99%; max-width:550px; margin-right:10px;\">\n    <div style=\"text-align:left; padding-top:5px;\">\n      <label style=\"text-align:left;\" for=\"fscf_email1\">E-mail:<\/label>\n    <\/div>\n    <div style=\"text-align:left;\">\n      <input style=\"text-align:left; margin:0; width:99%; max-width:250px;\" type=\"text\" id=\"fscf_email1\" name=\"email\" value=\"\"  readonly=\"readonly\" \/>\n    <\/div>\n  <\/div>\n<\/div>\n\n<div id=\"fscf_div_clear1_4\" style=\"clear:both;\">\n  <div id=\"fscf_div_field1_4\" style=\"clear:left; float:left; width:99%; max-width:550px; margin-right:10px;\">\n    <div  id=\"fscf_label1_4\" style=\"text-align:left; padding-top:5px;\">\r\n      <label style=\"text-align:left;\" for=\"fscf_field1_4\">DDD + Telefone:<\/label>\n    <\/div>\n    <div style=\"text-align:left;\">\n      <input style=\"text-align:left; margin:0; width:99%; max-width:250px;\" type=\"text\" id=\"fscf_field1_4\" name=\"DDD-Telefone\" value=\"\"  \/>\n    <\/div>\n  <\/div>\n<\/div>\n\n<div id=\"fscf_div_clear1_5\" style=\"clear:both;\">\n  <div id=\"fscf_div_field1_5\" style=\"clear:left; float:left; width:99%; max-width:550px; margin-right:10px;\">\n    <div  id=\"fscf_label1_5\" style=\"text-align:left; padding-top:5px;\">\r\n      <label style=\"text-align:left;\" for=\"fscf_field1_5\">Cidade e Bairro:<\/label>\n    <\/div>\n    <div style=\"text-align:left;\">\n      <input style=\"text-align:left; margin:0; width:99%; max-width:250px;\" type=\"text\" id=\"fscf_field1_5\" name=\"Cidade\" value=\"\"  \/>\n    <\/div>\n  <\/div>\n<\/div>\n\n<div id=\"fscf_div_clear1_2\" style=\"clear:both;\">\n  <div id=\"fscf_div_field1_2\" style=\"clear:left; float:left; width:99%; max-width:550px; margin-right:10px;\">\n    <div style=\"text-align:left; padding-top:5px;\">\n      <label style=\"text-align:left;\" for=\"fscf_field1_2\">Motivo de seu contato:<\/label>\n    <\/div>\n    <div style=\"text-align:left;\">\n      <select style=\"text-align:left;\" id=\"fscf_field1_2\" name=\"subject[]\">\n        <option value=\"1\">Or\u00e7amento de constru\u00e7\u00e3o<\/option>\n        <option value=\"2\">Or\u00e7amento e reforma<\/option>\n        <option value=\"3\">Servi\u00e7o de sinteco<\/option>\n        <option value=\"4\">Servi\u00e7o de pintura<\/option>\n        <option value=\"5\">Constru\u00e7\u00e3o de piscina<\/option>\n        <option value=\"6\">Diversos<\/option>\n        <option value=\"7\">Outro motivo<\/option>\n      <\/select>\n    <\/div>\n  <\/div>\n<\/div>\n\n<div id=\"fscf_div_clear1_6\" style=\"clear:both;\">\n  <div id=\"fscf_div_field1_6\" style=\"clear:left; float:left; width:99%; max-width:550px; margin-right:10px;\">\n    <div  id=\"fscf_label1_6\" style=\"text-align:left; padding-top:5px;\">\r\n      <label style=\"text-align:left;\" for=\"fscf_field1_6\">Sua mensagem:<\/label>\n    <\/div>\n    <div style=\"text-align:left;\">\n      <textarea style=\"text-align:left; margin:0; width:99%; max-width:250px; height:120px;\" id=\"fscf_field1_6\" name=\"Sua-mensagem\" cols=\"30\" rows=\"10\" ><\/textarea>\n    <\/div>\n  <\/div>\n<\/div>\r\n<div style=\"clear:both;\"><\/div>\n\n<div style=\"text-align:left; padding-top:5px;\">\n<\/div>\n<div id=\"fscf_captcha_image_div1\" style=\"width:250px; height:65px; padding-top:2px;\">\n      <img loading=\"lazy\" decoding=\"async\" id=\"fscf_captcha_image1\" style=\"border-style:none; margin:0; padding:0px; padding-right:5px; float:left;\" src=\"https:\/\/equipefenix.com.br\/construcoes\/wp-content\/plugins\/si-contact-form\/captcha\/securimage_show.php?prefix=MyGZ3stcgTq4WswA\" width=\"175\" height=\"60\" alt=\"imagem CAPTCHA\" title=\"imagem CAPTCHA\" \/>\n      <input id=\"fscf_captcha_prefix1\" type=\"hidden\" name=\"fscf_captcha_prefix1\" value=\"MyGZ3stcgTq4WswA\" \/>\n     <div id=\"fscf_captcha_refresh1\">\n        <a href=\"#\" rel=\"nofollow\" title=\"Atualize a imagem\" onclick=\"fscf_captcha_refresh('1','\/construcoes\/wp-content\/plugins\/si-contact-form\/captcha','https:\/\/equipefenix.com.br\/construcoes\/wp-content\/plugins\/si-contact-form\/captcha\/securimage_show.php?prefix='); return false;\">\n        <img loading=\"lazy\" decoding=\"async\" src=\"https:\/\/equipefenix.com.br\/construcoes\/wp-content\/plugins\/si-contact-form\/captcha\/images\/refresh.png\" width=\"22\" height=\"20\" alt=\"Atualize a imagem\" style=\"border-style:none; margin:0; padding:0px; vertical-align:bottom;\" onclick=\"this.blur();\" \/><\/a>\r\n     <\/div>\r\n<\/div>\r\n\r\n<div id=\"fscf_captcha_field1\" style=\"text-align:left; padding-top:5px;\">\r\n     <label style=\"text-align:left;\" for=\"fscf_captcha_code1\">CAPTCHA<\/label>\r\n<\/div>\r\n<div style=\"text-align:left;\">\n     <input style=\"text-align:left; margin:0; width:50px;\" type=\"text\" value=\"\" autocomplete=\"off\" id=\"fscf_captcha_code1\" name=\"captcha_code\"  \/>\n<\/div>\n\n<div id=\"fscf_submit_div1\" style=\"text-align:left; clear:both; padding-top:15px;\">\r\n\t\t<input type=\"submit\" id=\"fscf_submit1\" style=\"cursor:pointer; margin:0;\" value=\"Enviar\"  onclick=\"this.disabled=true; this.value='Enviando...'; this.form.submit();\" \/> \n<\/div>\n\n<input type=\"hidden\" name=\"fscf_submitted\" value=\"0\" \/>\n<input type=\"hidden\" name=\"fs_postonce_1\" value=\"c68ff7871712c229d04f7e492de1a3bb,1777539105\" \/>\n<input type=\"hidden\" name=\"si_contact_action\" value=\"send\" \/>\n<input type=\"hidden\" name=\"form_id\" value=\"1\" \/>\n<input type=\"hidden\" name=\"mailto_id\" value=\"1\" \/>\n\n<\/form>\n<\/div>\r\n<div style=\"clear:both;\"><\/div>\n\n<!-- Fast Secure Contact Form plugin 4.0.52 - end - FastSecureContactForm.com -->\n\n","protected":false},"excerpt":{"rendered":"<p>Tels.: (24) 9 9827-4671 | (24) 9 8802-9957 | (24) 9 9827-4671 Whatsapp: (21) 969198204 E-mails:\u00a0contatos@equipefenix.com.br | \u00a0sidneycespindola@gmail.com<\/p>\n","protected":false},"author":1,"featured_media":559,"parent":0,"menu_order":9,"comment_status":"closed","ping_status":"closed","template":"","meta":{"footnotes":"","_links_to":"","_links_to_target":""},"class_list":["post-58","page","type-page","status-publish","has-post-thumbnail","hentry"],"yoast_head":"<!-- This site is optimized with the Yoast SEO plugin v26.7 - https:\/\/yoast.com\/wordpress\/plugins\/seo\/ -->\n<title>Contatos - EQUIPE FENIX Constru\u00e7\u00e3o e Reformas RJ<\/title>\n<meta name=\"robots\" content=\"index, follow, max-snippet:-1, max-image-preview:large, max-video-preview:-1\" \/>\n<link rel=\"canonical\" href=\"https:\/\/equipefenix.com.br\/construcoes\/index.php\/contatos\/\" \/>\n<meta property=\"og:locale\" content=\"pt_BR\" \/>\n<meta property=\"og:type\" content=\"article\" \/>\n<meta property=\"og:title\" content=\"Contatos - EQUIPE FENIX Constru\u00e7\u00e3o e Reformas RJ\" \/>\n<meta property=\"og:description\" content=\"Tels.: (24) 9 9827-4671 | (24) 9 8802-9957 | (24) 9 9827-4671 Whatsapp: (21) 969198204 E-mails:\u00a0contatos@equipefenix.com.br | \u00a0sidneycespindola@gmail.com\" \/>\n<meta property=\"og:url\" content=\"https:\/\/equipefenix.com.br\/construcoes\/index.php\/contatos\/\" \/>\n<meta property=\"og:site_name\" content=\"EQUIPE FENIX Constru\u00e7\u00e3o e Reformas RJ\" \/>\n<meta property=\"article:publisher\" content=\"https:\/\/www.facebook.com\/Equipe-F%c3%8aNIX-Constru%c3%a7%c3%b5es-e-Reformas-1599403696778555\/\" \/>\n<meta property=\"article:modified_time\" content=\"2021-08-09T21:02:20+00:00\" \/>\n<meta property=\"og:image\" content=\"https:\/\/equipefenix.com.br\/construcoes\/wp-content\/uploads\/2021\/08\/008.jpg\" \/>\n\t<meta property=\"og:image:width\" content=\"1920\" \/>\n\t<meta property=\"og:image:height\" content=\"800\" \/>\n\t<meta property=\"og:image:type\" content=\"image\/jpeg\" \/>\n<meta name=\"twitter:card\" content=\"summary_large_image\" \/>\n<script type=\"application\/ld+json\" class=\"yoast-schema-graph\">{\"@context\":\"https:\/\/schema.org\",\"@graph\":[{\"@type\":\"WebPage\",\"@id\":\"https:\/\/equipefenix.com.br\/construcoes\/index.php\/contatos\/\",\"url\":\"https:\/\/equipefenix.com.br\/construcoes\/index.php\/contatos\/\",\"name\":\"Contatos - EQUIPE FENIX Constru\u00e7\u00e3o e Reformas RJ\",\"isPartOf\":{\"@id\":\"https:\/\/equipefenix.com.br\/construcoes\/#website\"},\"primaryImageOfPage\":{\"@id\":\"https:\/\/equipefenix.com.br\/construcoes\/index.php\/contatos\/#primaryimage\"},\"image\":{\"@id\":\"https:\/\/equipefenix.com.br\/construcoes\/index.php\/contatos\/#primaryimage\"},\"thumbnailUrl\":\"https:\/\/equipefenix.com.br\/construcoes\/wp-content\/uploads\/2021\/08\/008.jpg\",\"datePublished\":\"2016-01-15T12:32:08+00:00\",\"dateModified\":\"2021-08-09T21:02:20+00:00\",\"breadcrumb\":{\"@id\":\"https:\/\/equipefenix.com.br\/construcoes\/index.php\/contatos\/#breadcrumb\"},\"inLanguage\":\"pt-BR\",\"potentialAction\":[{\"@type\":\"ReadAction\",\"target\":[\"https:\/\/equipefenix.com.br\/construcoes\/index.php\/contatos\/\"]}]},{\"@type\":\"ImageObject\",\"inLanguage\":\"pt-BR\",\"@id\":\"https:\/\/equipefenix.com.br\/construcoes\/index.php\/contatos\/#primaryimage\",\"url\":\"https:\/\/equipefenix.com.br\/construcoes\/wp-content\/uploads\/2021\/08\/008.jpg\",\"contentUrl\":\"https:\/\/equipefenix.com.br\/construcoes\/wp-content\/uploads\/2021\/08\/008.jpg\",\"width\":1920,\"height\":800,\"caption\":\"Constru\u00e7\u00e3o de piscinas e casas\"},{\"@type\":\"BreadcrumbList\",\"@id\":\"https:\/\/equipefenix.com.br\/construcoes\/index.php\/contatos\/#breadcrumb\",\"itemListElement\":[{\"@type\":\"ListItem\",\"position\":1,\"name\":\"In\u00edcio\",\"item\":\"https:\/\/equipefenix.com.br\/construcoes\/\"},{\"@type\":\"ListItem\",\"position\":2,\"name\":\"Contatos\"}]},{\"@type\":\"WebSite\",\"@id\":\"https:\/\/equipefenix.com.br\/construcoes\/#website\",\"url\":\"https:\/\/equipefenix.com.br\/construcoes\/\",\"name\":\"EQUIPE FENIX Constru\u00e7\u00e3o e Reformas RJ\",\"description\":\"Constru\u00e7\u00f5es e Reformas Petr\u00f3polis e Rio de Janeiro\",\"publisher\":{\"@id\":\"https:\/\/equipefenix.com.br\/construcoes\/#organization\"},\"potentialAction\":[{\"@type\":\"SearchAction\",\"target\":{\"@type\":\"EntryPoint\",\"urlTemplate\":\"https:\/\/equipefenix.com.br\/construcoes\/?s={search_term_string}\"},\"query-input\":{\"@type\":\"PropertyValueSpecification\",\"valueRequired\":true,\"valueName\":\"search_term_string\"}}],\"inLanguage\":\"pt-BR\"},{\"@type\":\"Organization\",\"@id\":\"https:\/\/equipefenix.com.br\/construcoes\/#organization\",\"name\":\"EQUIPE FENIX\",\"url\":\"https:\/\/equipefenix.com.br\/construcoes\/\",\"logo\":{\"@type\":\"ImageObject\",\"inLanguage\":\"pt-BR\",\"@id\":\"https:\/\/equipefenix.com.br\/construcoes\/#\/schema\/logo\/image\/\",\"url\":\"https:\/\/equipefenix.com.br\/construcoes\/wp-content\/uploads\/2016\/01\/logox.png\",\"contentUrl\":\"https:\/\/equipefenix.com.br\/construcoes\/wp-content\/uploads\/2016\/01\/logox.png\",\"width\":206,\"height\":100,\"caption\":\"EQUIPE FENIX\"},\"image\":{\"@id\":\"https:\/\/equipefenix.com.br\/construcoes\/#\/schema\/logo\/image\/\"},\"sameAs\":[\"https:\/\/www.facebook.com\/Equipe-F\u00caNIX-Constru\u00e7\u00f5es-e-Reformas-1599403696778555\/\",\"https:\/\/www.instagram.com\/equipefenixrj\/\"]}]}<\/script>\n<!-- \/ Yoast SEO plugin. -->","yoast_head_json":{"title":"Contatos - EQUIPE FENIX Constru\u00e7\u00e3o e Reformas RJ","robots":{"index":"index","follow":"follow","max-snippet":"max-snippet:-1","max-image-preview":"max-image-preview:large","max-video-preview":"max-video-preview:-1"},"canonical":"https:\/\/equipefenix.com.br\/construcoes\/index.php\/contatos\/","og_locale":"pt_BR","og_type":"article","og_title":"Contatos - EQUIPE FENIX Constru\u00e7\u00e3o e Reformas RJ","og_description":"Tels.: (24) 9 9827-4671 | (24) 9 8802-9957 | (24) 9 9827-4671 Whatsapp: (21) 969198204 E-mails:\u00a0contatos@equipefenix.com.br | \u00a0sidneycespindola@gmail.com","og_url":"https:\/\/equipefenix.com.br\/construcoes\/index.php\/contatos\/","og_site_name":"EQUIPE FENIX Constru\u00e7\u00e3o e Reformas RJ","article_publisher":"https:\/\/www.facebook.com\/Equipe-F%c3%8aNIX-Constru%c3%a7%c3%b5es-e-Reformas-1599403696778555\/","article_modified_time":"2021-08-09T21:02:20+00:00","og_image":[{"width":1920,"height":800,"url":"https:\/\/equipefenix.com.br\/construcoes\/wp-content\/uploads\/2021\/08\/008.jpg","type":"image\/jpeg"}],"twitter_card":"summary_large_image","schema":{"@context":"https:\/\/schema.org","@graph":[{"@type":"WebPage","@id":"https:\/\/equipefenix.com.br\/construcoes\/index.php\/contatos\/","url":"https:\/\/equipefenix.com.br\/construcoes\/index.php\/contatos\/","name":"Contatos - EQUIPE FENIX Constru\u00e7\u00e3o e Reformas RJ","isPartOf":{"@id":"https:\/\/equipefenix.com.br\/construcoes\/#website"},"primaryImageOfPage":{"@id":"https:\/\/equipefenix.com.br\/construcoes\/index.php\/contatos\/#primaryimage"},"image":{"@id":"https:\/\/equipefenix.com.br\/construcoes\/index.php\/contatos\/#primaryimage"},"thumbnailUrl":"https:\/\/equipefenix.com.br\/construcoes\/wp-content\/uploads\/2021\/08\/008.jpg","datePublished":"2016-01-15T12:32:08+00:00","dateModified":"2021-08-09T21:02:20+00:00","breadcrumb":{"@id":"https:\/\/equipefenix.com.br\/construcoes\/index.php\/contatos\/#breadcrumb"},"inLanguage":"pt-BR","potentialAction":[{"@type":"ReadAction","target":["https:\/\/equipefenix.com.br\/construcoes\/index.php\/contatos\/"]}]},{"@type":"ImageObject","inLanguage":"pt-BR","@id":"https:\/\/equipefenix.com.br\/construcoes\/index.php\/contatos\/#primaryimage","url":"https:\/\/equipefenix.com.br\/construcoes\/wp-content\/uploads\/2021\/08\/008.jpg","contentUrl":"https:\/\/equipefenix.com.br\/construcoes\/wp-content\/uploads\/2021\/08\/008.jpg","width":1920,"height":800,"caption":"Constru\u00e7\u00e3o de piscinas e casas"},{"@type":"BreadcrumbList","@id":"https:\/\/equipefenix.com.br\/construcoes\/index.php\/contatos\/#breadcrumb","itemListElement":[{"@type":"ListItem","position":1,"name":"In\u00edcio","item":"https:\/\/equipefenix.com.br\/construcoes\/"},{"@type":"ListItem","position":2,"name":"Contatos"}]},{"@type":"WebSite","@id":"https:\/\/equipefenix.com.br\/construcoes\/#website","url":"https:\/\/equipefenix.com.br\/construcoes\/","name":"EQUIPE FENIX Constru\u00e7\u00e3o e Reformas RJ","description":"Constru\u00e7\u00f5es e Reformas Petr\u00f3polis e Rio de Janeiro","publisher":{"@id":"https:\/\/equipefenix.com.br\/construcoes\/#organization"},"potentialAction":[{"@type":"SearchAction","target":{"@type":"EntryPoint","urlTemplate":"https:\/\/equipefenix.com.br\/construcoes\/?s={search_term_string}"},"query-input":{"@type":"PropertyValueSpecification","valueRequired":true,"valueName":"search_term_string"}}],"inLanguage":"pt-BR"},{"@type":"Organization","@id":"https:\/\/equipefenix.com.br\/construcoes\/#organization","name":"EQUIPE FENIX","url":"https:\/\/equipefenix.com.br\/construcoes\/","logo":{"@type":"ImageObject","inLanguage":"pt-BR","@id":"https:\/\/equipefenix.com.br\/construcoes\/#\/schema\/logo\/image\/","url":"https:\/\/equipefenix.com.br\/construcoes\/wp-content\/uploads\/2016\/01\/logox.png","contentUrl":"https:\/\/equipefenix.com.br\/construcoes\/wp-content\/uploads\/2016\/01\/logox.png","width":206,"height":100,"caption":"EQUIPE FENIX"},"image":{"@id":"https:\/\/equipefenix.com.br\/construcoes\/#\/schema\/logo\/image\/"},"sameAs":["https:\/\/www.facebook.com\/Equipe-F\u00caNIX-Constru\u00e7\u00f5es-e-Reformas-1599403696778555\/","https:\/\/www.instagram.com\/equipefenixrj\/"]}]}},"_links":{"self":[{"href":"https:\/\/equipefenix.com.br\/construcoes\/index.php\/wp-json\/wp\/v2\/pages\/58","targetHints":{"allow":["GET"]}}],"collection":[{"href":"https:\/\/equipefenix.com.br\/construcoes\/index.php\/wp-json\/wp\/v2\/pages"}],"about":[{"href":"https:\/\/equipefenix.com.br\/construcoes\/index.php\/wp-json\/wp\/v2\/types\/page"}],"author":[{"embeddable":true,"href":"https:\/\/equipefenix.com.br\/construcoes\/index.php\/wp-json\/wp\/v2\/users\/1"}],"replies":[{"embeddable":true,"href":"https:\/\/equipefenix.com.br\/construcoes\/index.php\/wp-json\/wp\/v2\/comments?post=58"}],"version-history":[{"count":16,"href":"https:\/\/equipefenix.com.br\/construcoes\/index.php\/wp-json\/wp\/v2\/pages\/58\/revisions"}],"predecessor-version":[{"id":516,"href":"https:\/\/equipefenix.com.br\/construcoes\/index.php\/wp-json\/wp\/v2\/pages\/58\/revisions\/516"}],"wp:featuredmedia":[{"embeddable":true,"href":"https:\/\/equipefenix.com.br\/construcoes\/index.php\/wp-json\/wp\/v2\/media\/559"}],"wp:attachment":[{"href":"https:\/\/equipefenix.com.br\/construcoes\/index.php\/wp-json\/wp\/v2\/media?parent=58"}],"curies":[{"name":"wp","href":"https:\/\/api.w.org\/{rel}","templated":true}]}}