{"id":30,"date":"2016-01-15T12:07:07","date_gmt":"2016-01-15T12:07:07","guid":{"rendered":"http:\/\/equipefenix.com.br\/construcoes\/?page_id=30"},"modified":"2021-08-09T20:59:00","modified_gmt":"2021-08-09T20:59:00","slug":"reformas","status":"publish","type":"page","link":"https:\/\/equipefenix.com.br\/construcoes\/index.php\/sobre-nos\/reformas\/","title":{"rendered":"Diferenciais"},"content":{"rendered":"<p style=\"text-align: justify;\">Nossa equipe atua desde 1984 na \u00e1rea de <a href=\"http:\/\/equipefenix.com.br\/construcoes\/index.php\/construcao\/\">constru\u00e7\u00e3o civil residencial<\/a> e comercial no Rio de Janeiro, especialmente na reforma ou <strong>constru\u00e7\u00e3o e reformas de piscinas<\/strong>, <strong>telhados,<\/strong> <strong>muros de conten\u00e7\u00e3o<\/strong>, <strong>servi\u00e7os de\u00a0impermeabiliza\u00e7\u00f5es<\/strong> e <strong>instala\u00e7\u00f5es el\u00e9tricas e hidr\u00e1ulicas<\/strong>.<br \/>\nAtuamos nas\u00a0cidades de <strong>Petr\u00f3polis<\/strong> e <strong>Rio de Janeiro<\/strong>, com clientes na <strong>Barra da Tijuca<\/strong>, <strong>Zona Sul<\/strong>, \u00a0e ainda na\u00a0<strong>Regi\u00e3o dos Lagos<\/strong> e demais cidades da\u00a0<strong>Regi\u00e3o Serrana do RJ<\/strong>.<\/p>\n<p style=\"text-align: justify;\">Nossas obras se caracterizam pela confian\u00e7a, pontualidade e qualidade em acabamentos, superando as expectativas de um mercado cada vez mais exigente.<br \/>\nReunimos experi\u00eancia e, sobretudo, profissionais com conhecimento t\u00e9cnico, treinados e supervisionados, aptos\u00a0a realizar\u00a0cada etapa que compreende uma\u00a0constru\u00e7\u00e3o ou reforma,\u00a0resultando em alto n\u00edvel de servi\u00e7os,\u00a0execu\u00e7\u00e3o eficiente de cada projeto e pontualidade na entrega, respeitando o\u00a0cronograma de cada obra.<\/p>\n<p><strong>Atuamos em todas as etapas de constru\u00e7\u00e3o ou reforma, residencial ou de unidades comerciais,\u00a0destancando os seguintes servi\u00e7os:<\/strong><\/p>\n<ul>\n<li>Constru\u00e7\u00e3o e reformas de piscinas<\/li>\n<li>Servi\u00e7os de impermeabiliza\u00e7\u00e3o de lages, cistenas e piscinas<\/li>\n<li>Constru\u00e7\u00e3o e reforma de telhados<\/li>\n<li>Constru\u00e7\u00e3o de muros de conten\u00e7\u00e3o<\/li>\n<li>Instala\u00e7\u00f5es el\u00e9tricas e hidr\u00e1ulicas incluindo medidores de luz padr\u00e3o Light<\/li>\n<li>Revestimento em geral<\/li>\n<li>Coloca\u00e7\u00e3o de portas, janelas e\u00a0e port\u00f5es<\/li>\n<li>Servi\u00e7o pr\u00f3prio de sinteco<\/li>\n<li>Coloca\u00e7\u00e3o de pisos com profissionais ladrilheiros e ceramistas em nossas equipes<\/li>\n<\/ul>\n<p>Dentre outros, assegurando deste modo acabamento perfeito e com custo reduzido em cada projeto.<\/p>\n\t\t<div id=\"instagram-gallery-feed-6\" class=\"instagram-gallery-feed\" data-feed=\"{&quot;id&quot;:6,&quot;account_id&quot;:&quot;17841405772966752&quot;,&quot;source&quot;:&quot;username&quot;,&quot;tag&quot;:&quot;wordpress&quot;,&quot;order_by&quot;:&quot;top_media&quot;,&quot;layout&quot;:&quot;carousel&quot;,&quot;limit&quot;:45,&quot;columns&quot;:3,&quot;spacing&quot;:10,&quot;lazy&quot;:true,&quot;responsive&quot;:{&quot;desktop&quot;:{&quot;columns&quot;:3,&quot;spacing&quot;:10},&quot;tablet&quot;:{&quot;columns&quot;:2,&quot;spacing&quot;:8},&quot;mobile&quot;:{&quot;columns&quot;:1,&quot;spacing&quot;:6},&quot;breakpoints&quot;:{&quot;tablet&quot;:768,&quot;mobile&quot;:480}},&quot;aspect_ratio&quot;:{&quot;width&quot;:1,&quot;height&quot;:1},&quot;highlight&quot;:{&quot;tag&quot;:&quot;&quot;,&quot;id&quot;:&quot;&quot;,&quot;position&quot;:&quot;&quot;},&quot;reel&quot;:{&quot;hide&quot;:false},&quot;copyright&quot;:{&quot;hide&quot;:false,&quot;placeholder&quot;:&quot;&quot;},&quot;profile&quot;:{&quot;display&quot;:false,&quot;username&quot;:&quot;&quot;,&quot;nickname&quot;:&quot;&quot;,&quot;website&quot;:&quot;&quot;,&quot;biography&quot;:&quot;&quot;,&quot;link_text&quot;:&quot;Follow&quot;,&quot;website_text&quot;:&quot;Website&quot;,&quot;avatar&quot;:&quot;&quot;},&quot;box&quot;:{&quot;display&quot;:false,&quot;padding&quot;:1,&quot;radius&quot;:0,&quot;background&quot;:&quot;#fefefe&quot;,&quot;profile&quot;:false,&quot;desc&quot;:&quot;&quot;,&quot;text_color&quot;:&quot;#000000&quot;},&quot;mask&quot;:{&quot;display&quot;:true,&quot;background&quot;:&quot;#000000&quot;,&quot;icon_color&quot;:&quot;#ffffff&quot;,&quot;likes_count&quot;:true,&quot;comments_count&quot;:true},&quot;card&quot;:{&quot;display&quot;:false,&quot;radius&quot;:1,&quot;font_size&quot;:12,&quot;background&quot;:&quot;#ffffff&quot;,&quot;background_hover&quot;:&quot;&quot;,&quot;text_color&quot;:&quot;#000000&quot;,&quot;padding&quot;:5,&quot;likes_count&quot;:true,&quot;text_length&quot;:10,&quot;comments_count&quot;:true,&quot;text_align&quot;:&quot;left&quot;},&quot;carousel&quot;:{&quot;centered_slides&quot;:false,&quot;autoplay&quot;:false,&quot;autoplay_interval&quot;:3000,&quot;navarrows&quot;:true,&quot;navarrows_color&quot;:&quot;&quot;,&quot;pagination&quot;:true,&quot;pagination_color&quot;:&quot;&quot;},&quot;modal&quot;:{&quot;display&quot;:true,&quot;profile&quot;:false,&quot;media_description&quot;:true,&quot;likes_count&quot;:true,&quot;comments_count&quot;:true,&quot;comments_list&quot;:false,&quot;text_align&quot;:&quot;left&quot;,&quot;modal_align&quot;:&quot;right&quot;,&quot;text_length&quot;:10000,&quot;font_size&quot;:12},&quot;button&quot;:{&quot;display&quot;:true,&quot;text&quot;:&quot;VER + FOTOS NO INSTAGRAM&quot;,&quot;text_color&quot;:&quot;#ffff&quot;,&quot;background&quot;:&quot;&quot;,&quot;background_hover&quot;:&quot;&quot;},&quot;button_load&quot;:{&quot;display&quot;:false,&quot;text&quot;:&quot;Load more...&quot;,&quot;text_color&quot;:&quot;#ffff&quot;,&quot;background&quot;:&quot;&quot;,&quot;background_hover&quot;:&quot;&quot;}}\">\n\t\t<!-- <FeedContainer\/> -->\n\t\t<\/div>\n\t\t\n<blockquote><p><strong>Antes de contratar profissionais para sua reforma , entre em contato com Equipe Fenix e surpreenda-se com nossa experi\u00eancia e profissionalismo<\/strong>.<\/p><\/blockquote>\n","protected":false},"excerpt":{"rendered":"<p>Nossa equipe atua desde 1984 na \u00e1rea de constru\u00e7\u00e3o civil residencial e comercial no Rio de Janeiro, especialmente na reforma ou constru\u00e7\u00e3o e reformas de piscinas, telhados, muros de conten\u00e7\u00e3o, servi\u00e7os de\u00a0impermeabiliza\u00e7\u00f5es e instala\u00e7\u00f5es el\u00e9tricas e hidr\u00e1ulicas. Atuamos nas\u00a0cidades de Petr\u00f3polis e Rio de Janeiro, com clientes na Barra da [&hellip;]<\/p>\n","protected":false},"author":1,"featured_media":541,"parent":22,"menu_order":0,"comment_status":"closed","ping_status":"closed","template":"","meta":{"footnotes":"","_links_to":"","_links_to_target":""},"class_list":["post-30","page","type-page","status-publish","has-post-thumbnail","hentry"],"yoast_head":"<!-- This site is optimized with the Yoast SEO plugin v26.7 - https:\/\/yoast.com\/wordpress\/plugins\/seo\/ -->\n<title>Diferenciais - EQUIPE FENIX Constru\u00e7\u00e3o e Reformas RJ<\/title>\n<meta name=\"description\" content=\"Constru\u00e7\u00e3o e Reformas em Geral, Equipe Fenix \u00e9 especilizada em todas as etapas da obras, al\u00e9m de reforma de piscinas, Impermeabiliza\u00e7\u00e3o, em Petr\u00f3polis e Rio\" \/>\n<meta name=\"robots\" content=\"index, follow, max-snippet:-1, max-image-preview:large, max-video-preview:-1\" \/>\n<link rel=\"canonical\" href=\"https:\/\/equipefenix.com.br\/construcoes\/index.php\/sobre-nos\/reformas\/\" \/>\n<meta property=\"og:locale\" content=\"pt_BR\" \/>\n<meta property=\"og:type\" content=\"article\" \/>\n<meta property=\"og:title\" content=\"Diferenciais - EQUIPE FENIX Constru\u00e7\u00e3o e Reformas RJ\" \/>\n<meta property=\"og:description\" content=\"Constru\u00e7\u00e3o e Reformas em Geral, Equipe Fenix \u00e9 especilizada em todas as etapas da obras, al\u00e9m de reforma de piscinas, Impermeabiliza\u00e7\u00e3o, em Petr\u00f3polis e Rio\" \/>\n<meta property=\"og:url\" content=\"https:\/\/equipefenix.com.br\/construcoes\/index.php\/sobre-nos\/reformas\/\" \/>\n<meta property=\"og:site_name\" content=\"EQUIPE FENIX Constru\u00e7\u00e3o e Reformas RJ\" \/>\n<meta property=\"article:publisher\" content=\"https:\/\/www.facebook.com\/Equipe-F%c3%8aNIX-Constru%c3%a7%c3%b5es-e-Reformas-1599403696778555\/\" \/>\n<meta property=\"article:modified_time\" content=\"2021-08-09T20:59:00+00:00\" \/>\n<meta property=\"og:image\" content=\"https:\/\/equipefenix.com.br\/construcoes\/wp-content\/uploads\/2019\/11\/00.jpg\" \/>\n\t<meta property=\"og:image:width\" content=\"1920\" \/>\n\t<meta property=\"og:image:height\" content=\"800\" \/>\n\t<meta property=\"og:image:type\" content=\"image\/jpeg\" \/>\n<meta name=\"twitter:card\" content=\"summary_large_image\" \/>\n<meta name=\"twitter:label1\" content=\"Est. tempo de leitura\" \/>\n\t<meta name=\"twitter:data1\" content=\"1 minuto\" \/>\n<script type=\"application\/ld+json\" class=\"yoast-schema-graph\">{\"@context\":\"https:\/\/schema.org\",\"@graph\":[{\"@type\":\"WebPage\",\"@id\":\"https:\/\/equipefenix.com.br\/construcoes\/index.php\/sobre-nos\/reformas\/\",\"url\":\"https:\/\/equipefenix.com.br\/construcoes\/index.php\/sobre-nos\/reformas\/\",\"name\":\"Diferenciais - EQUIPE FENIX Constru\u00e7\u00e3o e Reformas RJ\",\"isPartOf\":{\"@id\":\"https:\/\/equipefenix.com.br\/construcoes\/#website\"},\"primaryImageOfPage\":{\"@id\":\"https:\/\/equipefenix.com.br\/construcoes\/index.php\/sobre-nos\/reformas\/#primaryimage\"},\"image\":{\"@id\":\"https:\/\/equipefenix.com.br\/construcoes\/index.php\/sobre-nos\/reformas\/#primaryimage\"},\"thumbnailUrl\":\"https:\/\/equipefenix.com.br\/construcoes\/wp-content\/uploads\/2019\/11\/00.jpg\",\"datePublished\":\"2016-01-15T12:07:07+00:00\",\"dateModified\":\"2021-08-09T20:59:00+00:00\",\"description\":\"Constru\u00e7\u00e3o e Reformas em Geral, Equipe Fenix \u00e9 especilizada em todas as etapas da obras, al\u00e9m de reforma de piscinas, Impermeabiliza\u00e7\u00e3o, em Petr\u00f3polis e Rio\",\"breadcrumb\":{\"@id\":\"https:\/\/equipefenix.com.br\/construcoes\/index.php\/sobre-nos\/reformas\/#breadcrumb\"},\"inLanguage\":\"pt-BR\",\"potentialAction\":[{\"@type\":\"ReadAction\",\"target\":[\"https:\/\/equipefenix.com.br\/construcoes\/index.php\/sobre-nos\/reformas\/\"]}]},{\"@type\":\"ImageObject\",\"inLanguage\":\"pt-BR\",\"@id\":\"https:\/\/equipefenix.com.br\/construcoes\/index.php\/sobre-nos\/reformas\/#primaryimage\",\"url\":\"https:\/\/equipefenix.com.br\/construcoes\/wp-content\/uploads\/2019\/11\/00.jpg\",\"contentUrl\":\"https:\/\/equipefenix.com.br\/construcoes\/wp-content\/uploads\/2019\/11\/00.jpg\",\"width\":1920,\"height\":800,\"caption\":\"Constru\u00e7\u00e3o de piscinas\"},{\"@type\":\"BreadcrumbList\",\"@id\":\"https:\/\/equipefenix.com.br\/construcoes\/index.php\/sobre-nos\/reformas\/#breadcrumb\",\"itemListElement\":[{\"@type\":\"ListItem\",\"position\":1,\"name\":\"In\u00edcio\",\"item\":\"https:\/\/equipefenix.com.br\/construcoes\/\"},{\"@type\":\"ListItem\",\"position\":2,\"name\":\"Sobre N\u00f3s\",\"item\":\"https:\/\/equipefenix.com.br\/construcoes\/index.php\/sobre-nos\/\"},{\"@type\":\"ListItem\",\"position\":3,\"name\":\"Diferenciais\"}]},{\"@type\":\"WebSite\",\"@id\":\"https:\/\/equipefenix.com.br\/construcoes\/#website\",\"url\":\"https:\/\/equipefenix.com.br\/construcoes\/\",\"name\":\"EQUIPE FENIX Constru\u00e7\u00e3o e Reformas RJ\",\"description\":\"Constru\u00e7\u00f5es e Reformas Petr\u00f3polis e Rio de Janeiro\",\"publisher\":{\"@id\":\"https:\/\/equipefenix.com.br\/construcoes\/#organization\"},\"potentialAction\":[{\"@type\":\"SearchAction\",\"target\":{\"@type\":\"EntryPoint\",\"urlTemplate\":\"https:\/\/equipefenix.com.br\/construcoes\/?s={search_term_string}\"},\"query-input\":{\"@type\":\"PropertyValueSpecification\",\"valueRequired\":true,\"valueName\":\"search_term_string\"}}],\"inLanguage\":\"pt-BR\"},{\"@type\":\"Organization\",\"@id\":\"https:\/\/equipefenix.com.br\/construcoes\/#organization\",\"name\":\"EQUIPE FENIX\",\"url\":\"https:\/\/equipefenix.com.br\/construcoes\/\",\"logo\":{\"@type\":\"ImageObject\",\"inLanguage\":\"pt-BR\",\"@id\":\"https:\/\/equipefenix.com.br\/construcoes\/#\/schema\/logo\/image\/\",\"url\":\"https:\/\/equipefenix.com.br\/construcoes\/wp-content\/uploads\/2016\/01\/logox.png\",\"contentUrl\":\"https:\/\/equipefenix.com.br\/construcoes\/wp-content\/uploads\/2016\/01\/logox.png\",\"width\":206,\"height\":100,\"caption\":\"EQUIPE FENIX\"},\"image\":{\"@id\":\"https:\/\/equipefenix.com.br\/construcoes\/#\/schema\/logo\/image\/\"},\"sameAs\":[\"https:\/\/www.facebook.com\/Equipe-F\u00caNIX-Constru\u00e7\u00f5es-e-Reformas-1599403696778555\/\",\"https:\/\/www.instagram.com\/equipefenixrj\/\"]}]}<\/script>\n<!-- \/ Yoast SEO plugin. -->","yoast_head_json":{"title":"Diferenciais - EQUIPE FENIX Constru\u00e7\u00e3o e Reformas RJ","description":"Constru\u00e7\u00e3o e Reformas em Geral, Equipe Fenix \u00e9 especilizada em todas as etapas da obras, al\u00e9m de reforma de piscinas, Impermeabiliza\u00e7\u00e3o, em Petr\u00f3polis e Rio","robots":{"index":"index","follow":"follow","max-snippet":"max-snippet:-1","max-image-preview":"max-image-preview:large","max-video-preview":"max-video-preview:-1"},"canonical":"https:\/\/equipefenix.com.br\/construcoes\/index.php\/sobre-nos\/reformas\/","og_locale":"pt_BR","og_type":"article","og_title":"Diferenciais - EQUIPE FENIX Constru\u00e7\u00e3o e Reformas RJ","og_description":"Constru\u00e7\u00e3o e Reformas em Geral, Equipe Fenix \u00e9 especilizada em todas as etapas da obras, al\u00e9m de reforma de piscinas, Impermeabiliza\u00e7\u00e3o, em Petr\u00f3polis e Rio","og_url":"https:\/\/equipefenix.com.br\/construcoes\/index.php\/sobre-nos\/reformas\/","og_site_name":"EQUIPE FENIX Constru\u00e7\u00e3o e Reformas RJ","article_publisher":"https:\/\/www.facebook.com\/Equipe-F%c3%8aNIX-Constru%c3%a7%c3%b5es-e-Reformas-1599403696778555\/","article_modified_time":"2021-08-09T20:59:00+00:00","og_image":[{"width":1920,"height":800,"url":"https:\/\/equipefenix.com.br\/construcoes\/wp-content\/uploads\/2019\/11\/00.jpg","type":"image\/jpeg"}],"twitter_card":"summary_large_image","twitter_misc":{"Est. tempo de leitura":"1 minuto"},"schema":{"@context":"https:\/\/schema.org","@graph":[{"@type":"WebPage","@id":"https:\/\/equipefenix.com.br\/construcoes\/index.php\/sobre-nos\/reformas\/","url":"https:\/\/equipefenix.com.br\/construcoes\/index.php\/sobre-nos\/reformas\/","name":"Diferenciais - EQUIPE FENIX Constru\u00e7\u00e3o e Reformas RJ","isPartOf":{"@id":"https:\/\/equipefenix.com.br\/construcoes\/#website"},"primaryImageOfPage":{"@id":"https:\/\/equipefenix.com.br\/construcoes\/index.php\/sobre-nos\/reformas\/#primaryimage"},"image":{"@id":"https:\/\/equipefenix.com.br\/construcoes\/index.php\/sobre-nos\/reformas\/#primaryimage"},"thumbnailUrl":"https:\/\/equipefenix.com.br\/construcoes\/wp-content\/uploads\/2019\/11\/00.jpg","datePublished":"2016-01-15T12:07:07+00:00","dateModified":"2021-08-09T20:59:00+00:00","description":"Constru\u00e7\u00e3o e Reformas em Geral, Equipe Fenix \u00e9 especilizada em todas as etapas da obras, al\u00e9m de reforma de piscinas, Impermeabiliza\u00e7\u00e3o, em Petr\u00f3polis e Rio","breadcrumb":{"@id":"https:\/\/equipefenix.com.br\/construcoes\/index.php\/sobre-nos\/reformas\/#breadcrumb"},"inLanguage":"pt-BR","potentialAction":[{"@type":"ReadAction","target":["https:\/\/equipefenix.com.br\/construcoes\/index.php\/sobre-nos\/reformas\/"]}]},{"@type":"ImageObject","inLanguage":"pt-BR","@id":"https:\/\/equipefenix.com.br\/construcoes\/index.php\/sobre-nos\/reformas\/#primaryimage","url":"https:\/\/equipefenix.com.br\/construcoes\/wp-content\/uploads\/2019\/11\/00.jpg","contentUrl":"https:\/\/equipefenix.com.br\/construcoes\/wp-content\/uploads\/2019\/11\/00.jpg","width":1920,"height":800,"caption":"Constru\u00e7\u00e3o de piscinas"},{"@type":"BreadcrumbList","@id":"https:\/\/equipefenix.com.br\/construcoes\/index.php\/sobre-nos\/reformas\/#breadcrumb","itemListElement":[{"@type":"ListItem","position":1,"name":"In\u00edcio","item":"https:\/\/equipefenix.com.br\/construcoes\/"},{"@type":"ListItem","position":2,"name":"Sobre N\u00f3s","item":"https:\/\/equipefenix.com.br\/construcoes\/index.php\/sobre-nos\/"},{"@type":"ListItem","position":3,"name":"Diferenciais"}]},{"@type":"WebSite","@id":"https:\/\/equipefenix.com.br\/construcoes\/#website","url":"https:\/\/equipefenix.com.br\/construcoes\/","name":"EQUIPE FENIX Constru\u00e7\u00e3o e Reformas RJ","description":"Constru\u00e7\u00f5es e Reformas Petr\u00f3polis e Rio de Janeiro","publisher":{"@id":"https:\/\/equipefenix.com.br\/construcoes\/#organization"},"potentialAction":[{"@type":"SearchAction","target":{"@type":"EntryPoint","urlTemplate":"https:\/\/equipefenix.com.br\/construcoes\/?s={search_term_string}"},"query-input":{"@type":"PropertyValueSpecification","valueRequired":true,"valueName":"search_term_string"}}],"inLanguage":"pt-BR"},{"@type":"Organization","@id":"https:\/\/equipefenix.com.br\/construcoes\/#organization","name":"EQUIPE FENIX","url":"https:\/\/equipefenix.com.br\/construcoes\/","logo":{"@type":"ImageObject","inLanguage":"pt-BR","@id":"https:\/\/equipefenix.com.br\/construcoes\/#\/schema\/logo\/image\/","url":"https:\/\/equipefenix.com.br\/construcoes\/wp-content\/uploads\/2016\/01\/logox.png","contentUrl":"https:\/\/equipefenix.com.br\/construcoes\/wp-content\/uploads\/2016\/01\/logox.png","width":206,"height":100,"caption":"EQUIPE FENIX"},"image":{"@id":"https:\/\/equipefenix.com.br\/construcoes\/#\/schema\/logo\/image\/"},"sameAs":["https:\/\/www.facebook.com\/Equipe-F\u00caNIX-Constru\u00e7\u00f5es-e-Reformas-1599403696778555\/","https:\/\/www.instagram.com\/equipefenixrj\/"]}]}},"_links":{"self":[{"href":"https:\/\/equipefenix.com.br\/construcoes\/index.php\/wp-json\/wp\/v2\/pages\/30","targetHints":{"allow":["GET"]}}],"collection":[{"href":"https:\/\/equipefenix.com.br\/construcoes\/index.php\/wp-json\/wp\/v2\/pages"}],"about":[{"href":"https:\/\/equipefenix.com.br\/construcoes\/index.php\/wp-json\/wp\/v2\/types\/page"}],"author":[{"embeddable":true,"href":"https:\/\/equipefenix.com.br\/construcoes\/index.php\/wp-json\/wp\/v2\/users\/1"}],"replies":[{"embeddable":true,"href":"https:\/\/equipefenix.com.br\/construcoes\/index.php\/wp-json\/wp\/v2\/comments?post=30"}],"version-history":[{"count":9,"href":"https:\/\/equipefenix.com.br\/construcoes\/index.php\/wp-json\/wp\/v2\/pages\/30\/revisions"}],"predecessor-version":[{"id":512,"href":"https:\/\/equipefenix.com.br\/construcoes\/index.php\/wp-json\/wp\/v2\/pages\/30\/revisions\/512"}],"up":[{"embeddable":true,"href":"https:\/\/equipefenix.com.br\/construcoes\/index.php\/wp-json\/wp\/v2\/pages\/22"}],"wp:featuredmedia":[{"embeddable":true,"href":"https:\/\/equipefenix.com.br\/construcoes\/index.php\/wp-json\/wp\/v2\/media\/541"}],"wp:attachment":[{"href":"https:\/\/equipefenix.com.br\/construcoes\/index.php\/wp-json\/wp\/v2\/media?parent=30"}],"curies":[{"name":"wp","href":"https:\/\/api.w.org\/{rel}","templated":true}]}}