{"id":18,"date":"2016-01-15T12:03:47","date_gmt":"2016-01-15T12:03:47","guid":{"rendered":"http:\/\/equipefenix.com.br\/construcoes\/?page_id=18"},"modified":"2021-08-09T20:49:44","modified_gmt":"2021-08-09T20:49:44","slug":"reformas","status":"publish","type":"page","link":"https:\/\/equipefenix.com.br\/construcoes\/index.php\/reformas\/","title":{"rendered":"Reformas"},"content":{"rendered":"<p>A <strong>Equipe F\u00eanix<\/strong> disponibiliza servi\u00e7os de\u00a0reformas residenciais e comerciais, atuando em todas as etapas da sua\u00a0reforma.<br \/>\nAtuamos reformas na\u00a0<strong>Zona Oeste<\/strong>, <strong>Barra<\/strong>, <strong>Recreio<\/strong>, <strong>Centro<\/strong>, <strong>Tijuca<\/strong>, reformas na\u00a0<strong>Zona Sul<\/strong> e demais regi\u00f5es do Rio- Consulte-nos!<\/p>\n<p>&nbsp;<\/p>\n<hr \/>\n\t\t<div id=\"instagram-gallery-feed-6\" class=\"instagram-gallery-feed\" data-feed=\"{&quot;id&quot;:6,&quot;account_id&quot;:&quot;17841405772966752&quot;,&quot;source&quot;:&quot;username&quot;,&quot;tag&quot;:&quot;wordpress&quot;,&quot;order_by&quot;:&quot;top_media&quot;,&quot;layout&quot;:&quot;carousel&quot;,&quot;limit&quot;:45,&quot;columns&quot;:3,&quot;spacing&quot;:10,&quot;lazy&quot;:true,&quot;responsive&quot;:{&quot;desktop&quot;:{&quot;columns&quot;:3,&quot;spacing&quot;:10},&quot;tablet&quot;:{&quot;columns&quot;:2,&quot;spacing&quot;:8},&quot;mobile&quot;:{&quot;columns&quot;:1,&quot;spacing&quot;:6},&quot;breakpoints&quot;:{&quot;tablet&quot;:768,&quot;mobile&quot;:480}},&quot;aspect_ratio&quot;:{&quot;width&quot;:1,&quot;height&quot;:1},&quot;highlight&quot;:{&quot;tag&quot;:&quot;&quot;,&quot;id&quot;:&quot;&quot;,&quot;position&quot;:&quot;&quot;},&quot;reel&quot;:{&quot;hide&quot;:false},&quot;copyright&quot;:{&quot;hide&quot;:false,&quot;placeholder&quot;:&quot;&quot;},&quot;profile&quot;:{&quot;display&quot;:false,&quot;username&quot;:&quot;&quot;,&quot;nickname&quot;:&quot;&quot;,&quot;website&quot;:&quot;&quot;,&quot;biography&quot;:&quot;&quot;,&quot;link_text&quot;:&quot;Follow&quot;,&quot;website_text&quot;:&quot;Website&quot;,&quot;avatar&quot;:&quot;&quot;},&quot;box&quot;:{&quot;display&quot;:false,&quot;padding&quot;:1,&quot;radius&quot;:0,&quot;background&quot;:&quot;#fefefe&quot;,&quot;profile&quot;:false,&quot;desc&quot;:&quot;&quot;,&quot;text_color&quot;:&quot;#000000&quot;},&quot;mask&quot;:{&quot;display&quot;:true,&quot;background&quot;:&quot;#000000&quot;,&quot;icon_color&quot;:&quot;#ffffff&quot;,&quot;likes_count&quot;:true,&quot;comments_count&quot;:true},&quot;card&quot;:{&quot;display&quot;:false,&quot;radius&quot;:1,&quot;font_size&quot;:12,&quot;background&quot;:&quot;#ffffff&quot;,&quot;background_hover&quot;:&quot;&quot;,&quot;text_color&quot;:&quot;#000000&quot;,&quot;padding&quot;:5,&quot;likes_count&quot;:true,&quot;text_length&quot;:10,&quot;comments_count&quot;:true,&quot;text_align&quot;:&quot;left&quot;},&quot;carousel&quot;:{&quot;centered_slides&quot;:false,&quot;autoplay&quot;:false,&quot;autoplay_interval&quot;:3000,&quot;navarrows&quot;:true,&quot;navarrows_color&quot;:&quot;&quot;,&quot;pagination&quot;:true,&quot;pagination_color&quot;:&quot;&quot;},&quot;modal&quot;:{&quot;display&quot;:true,&quot;profile&quot;:false,&quot;media_description&quot;:true,&quot;likes_count&quot;:true,&quot;comments_count&quot;:true,&quot;comments_list&quot;:false,&quot;text_align&quot;:&quot;left&quot;,&quot;modal_align&quot;:&quot;right&quot;,&quot;text_length&quot;:10000,&quot;font_size&quot;:12},&quot;button&quot;:{&quot;display&quot;:true,&quot;text&quot;:&quot;VER + FOTOS NO INSTAGRAM&quot;,&quot;text_color&quot;:&quot;#ffff&quot;,&quot;background&quot;:&quot;&quot;,&quot;background_hover&quot;:&quot;&quot;},&quot;button_load&quot;:{&quot;display&quot;:false,&quot;text&quot;:&quot;Load more...&quot;,&quot;text_color&quot;:&quot;#ffff&quot;,&quot;background&quot;:&quot;&quot;,&quot;background_hover&quot;:&quot;&quot;}}\">\n\t\t<!-- <FeedContainer\/> -->\n\t\t<\/div>\n\t\t\n<p><strong>Clique nos t\u00f3picos abaixo <\/strong>e saiba mais sobre nossos principais servi\u00e7os<strong>:<\/strong><\/p>\n<div class=\"su-spoiler su-spoiler-style-fancy su-spoiler-icon-caret su-spoiler-closed\" data-scroll-offset=\"0\" data-anchor-in-url=\"no\"><div class=\"su-spoiler-title\" tabindex=\"0\" role=\"button\"><span class=\"su-spoiler-icon\"><\/span>Servi\u00e7os de impermeabiliza\u00e7\u00e3o<\/div><div class=\"su-spoiler-content su-u-clearfix su-u-trim\">Utilizando os mais modernos e eficientes produtos e t\u00e9cnicas de impermeabiliza\u00e7\u00e3o de cisternas, piscinas, lages e \u00e1reas externas\u00a0em geral.<\/div><\/div>\n<div class=\"su-spoiler su-spoiler-style-fancy su-spoiler-icon-caret su-spoiler-closed\" data-scroll-offset=\"0\" data-anchor-in-url=\"no\"><div class=\"su-spoiler-title\" tabindex=\"0\" role=\"button\"><span class=\"su-spoiler-icon\"><\/span>Reforma de Muros<\/div><div class=\"su-spoiler-content su-u-clearfix su-u-trim\">Construimos e reformamos\u00a0muros e estruturas de conten\u00e7\u00e3o.<\/div><\/div>\n<div class=\"su-spoiler su-spoiler-style-fancy su-spoiler-icon-caret su-spoiler-closed\" data-scroll-offset=\"0\" data-anchor-in-url=\"no\"><div class=\"su-spoiler-title\" tabindex=\"0\" role=\"button\"><span class=\"su-spoiler-icon\"><\/span>Reforma de telhados<\/div><div class=\"su-spoiler-content su-u-clearfix su-u-trim\">Reformamos e revitalizamos telhados, com limpeza ou substitui\u00e7\u00e3o de telhas<\/div><\/div>\n<div class=\"su-spoiler su-spoiler-style-fancy su-spoiler-icon-caret su-spoiler-closed\" data-scroll-offset=\"0\" data-anchor-in-url=\"no\"><div class=\"su-spoiler-title\" tabindex=\"0\" role=\"button\"><span class=\"su-spoiler-icon\"><\/span>Reparos em redes el\u00e9tricas e hidr\u00e1ulicas<\/div><div class=\"su-spoiler-content su-u-clearfix su-u-trim\">Contamos com\u00a0eletricistas e bombeiros aptos a realizar servi\u00e7os eletricos e hidr\u00e1ulicos.<\/div><\/div>\n<div class=\"su-spoiler su-spoiler-style-fancy su-spoiler-icon-caret su-spoiler-closed\" data-scroll-offset=\"0\" data-anchor-in-url=\"no\"><div class=\"su-spoiler-title\" tabindex=\"0\" role=\"button\"><span class=\"su-spoiler-icon\"><\/span>Reforma de piscinas e decks<\/div><div class=\"su-spoiler-content su-u-clearfix su-u-trim\">Reformamos piscinas e decks, bem como revitalizamos \u00e1res externas, com pavimenta\u00e7\u00e3o anti derrapante\u00a0<\/div><\/div>\n<div class=\"su-spoiler su-spoiler-style-fancy su-spoiler-icon-caret su-spoiler-closed\" data-scroll-offset=\"0\" data-anchor-in-url=\"no\"><div class=\"su-spoiler-title\" tabindex=\"0\" role=\"button\"><span class=\"su-spoiler-icon\"><\/span>Pintura e reformas de fachadas<\/div><div class=\"su-spoiler-content su-u-clearfix su-u-trim\">revitaliza\u00e7\u00e3o de pintura em \u00e1reas internas e externas, incluindo pintura de fachadas de pr\u00e9dios. <\/div><\/div>\n<div class=\"su-spoiler su-spoiler-style-fancy su-spoiler-icon-caret su-spoiler-closed\" data-scroll-offset=\"0\" data-anchor-in-url=\"no\"><div class=\"su-spoiler-title\" tabindex=\"0\" role=\"button\"><span class=\"su-spoiler-icon\"><\/span>Reformas de Banheiros e cozinhas<\/div><div class=\"su-spoiler-content su-u-clearfix su-u-trim\">Reforma de\u00a0\u00e1reas molhadas,\u00a0\u00a0incluindo revitaliza\u00e7\u00e3o de pisos, pastilhas\u00a0e cer\u00e2micas e reforma de box \u00a0e troca de cubas e bancadas.<\/div><\/div>\n<div class=\"su-spoiler su-spoiler-style-fancy su-spoiler-icon-caret su-spoiler-closed\" data-scroll-offset=\"0\" data-anchor-in-url=\"no\"><div class=\"su-spoiler-title\" tabindex=\"0\" role=\"button\"><span class=\"su-spoiler-icon\"><\/span>Troca de pisos em porcelanato, cer\u00e2mica e sintecos<\/div><div class=\"su-spoiler-content su-u-clearfix su-u-trim\">Coloca\u00e7\u00e3o de\u00a0pisos com contrapisou ou piso sobre piso,\u00a0tanto de\u00a0\u00e1reas internos quanto externas, al\u00e9m de revitaliza\u00e7\u00e3o de revestimentos de fachadas. Contamos ainda com servi\u00e7os\u00a0pr\u00f3prio de calafate, atuando na recupera\u00e7\u00e3o de sintecos e pisos de madeira antigos. <\/div><\/div>\n<div class=\"su-spoiler su-spoiler-style-fancy su-spoiler-icon-caret su-spoiler-closed\" data-scroll-offset=\"0\" data-anchor-in-url=\"no\"><div class=\"su-spoiler-title\" tabindex=\"0\" role=\"button\"><span class=\"su-spoiler-icon\"><\/span>Reforma de port\u00f5es e cercas<\/div><div class=\"su-spoiler-content su-u-clearfix su-u-trim\"> Revitaliza\u00e7\u00e3o de port\u00f5ese \u00a0constru\u00e7\u00e3o de cercas. <\/div><\/div>\n<a href=\"http:\/\/equipefenix.com.br\/construcoes\/index.php\/fotos-de-obras\/\" class=\"su-button su-button-style-default\" style=\"color:#FFFFFF;background-color:#3498DB;border-color:#2a7ab0;border-radius:5px\" target=\"_self\"><span style=\"color:#FFFFFF;padding:6px 16px;font-size:13px;line-height:20px;border-color:#71b7e6;border-radius:5px;text-shadow:none\"><i class=\"sui sui-road\" style=\"font-size:13px;color:#FFFFFF\"><\/i> Clique e conhe\u00e7a nossas obras<\/span><\/a>\u00a0<a href=\"http:\/\/equipefenix.com.br\/construcoes\/index.php\/contatos\/\" class=\"su-button su-button-style-default\" style=\"color:#FFFFFF;background-color:#3498DB;border-color:#2a7ab0;border-radius:5px\" target=\"_self\"><span style=\"color:#FFFFFF;padding:6px 16px;font-size:13px;line-height:20px;border-color:#71b7e6;border-radius:5px;text-shadow:none\"><i class=\"sui sui-send\" style=\"font-size:13px;color:#FFFFFF\"><\/i> Clique e solicite or\u00e7amentos<\/span><\/a>\n<hr \/>\n<p>&nbsp;<\/p>\n<blockquote><div class=\"su-quote su-quote-style-default su-quote-has-cite\"><div class=\"su-quote-inner su-u-clearfix su-u-trim\"><strong>Reformas residenciais com servi\u00e7os especiais para condom\u00ednios<\/strong>! <span class=\"su-quote-cite\">Atuamos em Petr\u00f3polis e demais cidades da regi\u00e3o serrana e no Rio de Janeiro, incluindo Barra da Tijuca e Zona Sul e atuamos ainda nas cidades da Regi\u00e3o dos Lagos.<\/span><\/div><\/div><\/blockquote>\n<p><a href=\"http:\/\/equipefenix.com.br\/construcoes\/index.php\/contatos\/\"><img loading=\"lazy\" decoding=\"async\" class=\"aligncenter wp-image-323 size-full\" src=\"http:\/\/equipefenix.com.br\/construcoes\/wp-content\/uploads\/2016\/01\/cartoes.png\" alt=\"cartoes\" width=\"550\" height=\"356\" srcset=\"https:\/\/equipefenix.com.br\/construcoes\/wp-content\/uploads\/2016\/01\/cartoes.png 550w, https:\/\/equipefenix.com.br\/construcoes\/wp-content\/uploads\/2016\/01\/cartoes-300x194.png 300w\" sizes=\"auto, (max-width: 550px) 100vw, 550px\" \/><\/a><\/p>\n<div class=\"su-spoiler su-spoiler-style-fancy su-spoiler-icon-caret su-spoiler-closed\" data-scroll-offset=\"0\" data-anchor-in-url=\"no\"><div class=\"su-spoiler-title\" tabindex=\"0\" role=\"button\"><span class=\"su-spoiler-icon\"><\/span>Destaques<\/div><div class=\"su-spoiler-content su-u-clearfix su-u-trim\">\n<div class=\"su-table su-table-alternate\">\n<table>\n<tbody>\n<tr>\n<td><strong>Vai Reformar na Zona Sul Rio? &#8211; Reforme Com Bons Profissionais<\/strong><br \/>\n<a href=\"http:\/\/equipefenix.com.br\/construcoes\">equipefenix.com.br\/construcoes<\/a><br \/>\nReformas Cobertura e Terra\u00e7o, Reforma de Piscina, Reforma de Cozinha e Banheiros<\/td>\n<td><strong>Quer Reformar Seu Apartamento? &#8211; Contrate a F\u00eanix Obra R\u00e1pida<\/strong><br \/>\n<a href=\"http:\/\/equipefenix.com.br\/construcoes\">equipefenix.com.br\/construcoes<\/a><br \/>\nReformas Constru\u00e7\u00f5es e Impermeabiliza\u00e7\u00f5es Piscinas. Equipes no Rio e Petr\u00f3polis<\/td>\n<\/tr>\n<tr>\n<td><strong>Vai Reformar em Petr\u00f3polis? &#8211; Pintores Pedreiros Eletricista<\/strong><br \/>\n<a href=\"http:\/\/equipefenix.com.br\/construcoes\">equipefenix.com.br\/construcoes<\/a><br \/>\nConstru\u00e7\u00e3o e Reforma Telhados, Pintura, Reforma de Piscinas e \u00c1reas de Lazer<\/td>\n<td><strong>Constru\u00e7\u00e3o e Reformas Piscinas &#8211; Constru\u00e7\u00e3o e Impermeabiliza\u00e7\u00e3o<\/strong><br \/>\n<a href=\"http:\/\/equipefenix.com.br\/construcoes\">equipefenix.com.br\/construcoes<\/a><br \/>\nTroca Pastilhas, Limpeza, Constru\u00e7\u00e3o, Impermeabiliza\u00e7\u00e3o Piscinas Todos Modelos<\/td>\n<\/tr>\n<\/tbody>\n<\/table>\n<\/div>\n<\/div><\/div>\n","protected":false},"excerpt":{"rendered":"<p>A Equipe F\u00eanix disponibiliza servi\u00e7os de\u00a0reformas residenciais e comerciais, atuando em todas as etapas da sua\u00a0reforma. Atuamos reformas na\u00a0Zona Oeste, Barra, Recreio, Centro, Tijuca, reformas na\u00a0Zona Sul e demais regi\u00f5es do Rio- Consulte-nos! &nbsp; Clique nos t\u00f3picos abaixo e saiba mais sobre nossos principais servi\u00e7os: \u00a0 &nbsp;<\/p>\n","protected":false},"author":1,"featured_media":548,"parent":0,"menu_order":2,"comment_status":"closed","ping_status":"closed","template":"","meta":{"footnotes":"","_links_to":"","_links_to_target":""},"class_list":["post-18","page","type-page","status-publish","has-post-thumbnail","hentry"],"yoast_head":"<!-- This site is optimized with the Yoast SEO plugin v26.7 - https:\/\/yoast.com\/wordpress\/plugins\/seo\/ -->\n<title>Reformas - EQUIPE FENIX Constru\u00e7\u00e3o e Reformas RJ<\/title>\n<meta name=\"description\" content=\"Constru\u00e7\u00e3o e Reformas em Geral, Equipe Fenix atua \u00e9 especilizada em obras al\u00e9m de constru\u00e7\u00e3o e reforma de piscinas e Impermeabiliza\u00e7\u00e3o, Regi\u00e3o Serrana e Rio\" \/>\n<meta name=\"robots\" content=\"index, follow, max-snippet:-1, max-image-preview:large, max-video-preview:-1\" \/>\n<link rel=\"canonical\" href=\"https:\/\/equipefenix.com.br\/construcoes\/index.php\/reformas\/\" \/>\n<meta property=\"og:locale\" content=\"pt_BR\" \/>\n<meta property=\"og:type\" content=\"article\" \/>\n<meta property=\"og:title\" content=\"Reformas - EQUIPE FENIX Constru\u00e7\u00e3o e Reformas RJ\" \/>\n<meta property=\"og:description\" content=\"Constru\u00e7\u00e3o e Reformas em Geral, Equipe Fenix atua \u00e9 especilizada em obras al\u00e9m de constru\u00e7\u00e3o e reforma de piscinas e Impermeabiliza\u00e7\u00e3o, Regi\u00e3o Serrana e Rio\" \/>\n<meta property=\"og:url\" content=\"https:\/\/equipefenix.com.br\/construcoes\/index.php\/reformas\/\" \/>\n<meta property=\"og:site_name\" content=\"EQUIPE FENIX Constru\u00e7\u00e3o e Reformas RJ\" \/>\n<meta property=\"article:publisher\" content=\"https:\/\/www.facebook.com\/Equipe-F%c3%8aNIX-Constru%c3%a7%c3%b5es-e-Reformas-1599403696778555\/\" \/>\n<meta property=\"article:modified_time\" content=\"2021-08-09T20:49:44+00:00\" \/>\n<meta property=\"og:image\" content=\"https:\/\/equipefenix.com.br\/construcoes\/wp-content\/uploads\/2021\/08\/05.jpg\" \/>\n\t<meta property=\"og:image:width\" content=\"1920\" \/>\n\t<meta property=\"og:image:height\" content=\"800\" \/>\n\t<meta property=\"og:image:type\" content=\"image\/jpeg\" \/>\n<meta name=\"twitter:card\" content=\"summary_large_image\" \/>\n<meta name=\"twitter:label1\" content=\"Est. tempo de leitura\" \/>\n\t<meta name=\"twitter:data1\" content=\"3 minutos\" \/>\n<script type=\"application\/ld+json\" class=\"yoast-schema-graph\">{\"@context\":\"https:\/\/schema.org\",\"@graph\":[{\"@type\":\"WebPage\",\"@id\":\"https:\/\/equipefenix.com.br\/construcoes\/index.php\/reformas\/\",\"url\":\"https:\/\/equipefenix.com.br\/construcoes\/index.php\/reformas\/\",\"name\":\"Reformas - EQUIPE FENIX Constru\u00e7\u00e3o e Reformas RJ\",\"isPartOf\":{\"@id\":\"https:\/\/equipefenix.com.br\/construcoes\/#website\"},\"primaryImageOfPage\":{\"@id\":\"https:\/\/equipefenix.com.br\/construcoes\/index.php\/reformas\/#primaryimage\"},\"image\":{\"@id\":\"https:\/\/equipefenix.com.br\/construcoes\/index.php\/reformas\/#primaryimage\"},\"thumbnailUrl\":\"https:\/\/equipefenix.com.br\/construcoes\/wp-content\/uploads\/2021\/08\/05.jpg\",\"datePublished\":\"2016-01-15T12:03:47+00:00\",\"dateModified\":\"2021-08-09T20:49:44+00:00\",\"description\":\"Constru\u00e7\u00e3o e Reformas em Geral, Equipe Fenix atua \u00e9 especilizada em obras al\u00e9m de constru\u00e7\u00e3o e reforma de piscinas e Impermeabiliza\u00e7\u00e3o, Regi\u00e3o Serrana e Rio\",\"breadcrumb\":{\"@id\":\"https:\/\/equipefenix.com.br\/construcoes\/index.php\/reformas\/#breadcrumb\"},\"inLanguage\":\"pt-BR\",\"potentialAction\":[{\"@type\":\"ReadAction\",\"target\":[\"https:\/\/equipefenix.com.br\/construcoes\/index.php\/reformas\/\"]}]},{\"@type\":\"ImageObject\",\"inLanguage\":\"pt-BR\",\"@id\":\"https:\/\/equipefenix.com.br\/construcoes\/index.php\/reformas\/#primaryimage\",\"url\":\"https:\/\/equipefenix.com.br\/construcoes\/wp-content\/uploads\/2021\/08\/05.jpg\",\"contentUrl\":\"https:\/\/equipefenix.com.br\/construcoes\/wp-content\/uploads\/2021\/08\/05.jpg\",\"width\":1920,\"height\":800,\"caption\":\"constru\u00e7\u00e3o na regi\u00e3o serrana\"},{\"@type\":\"BreadcrumbList\",\"@id\":\"https:\/\/equipefenix.com.br\/construcoes\/index.php\/reformas\/#breadcrumb\",\"itemListElement\":[{\"@type\":\"ListItem\",\"position\":1,\"name\":\"In\u00edcio\",\"item\":\"https:\/\/equipefenix.com.br\/construcoes\/\"},{\"@type\":\"ListItem\",\"position\":2,\"name\":\"Reformas\"}]},{\"@type\":\"WebSite\",\"@id\":\"https:\/\/equipefenix.com.br\/construcoes\/#website\",\"url\":\"https:\/\/equipefenix.com.br\/construcoes\/\",\"name\":\"EQUIPE FENIX Constru\u00e7\u00e3o e Reformas RJ\",\"description\":\"Constru\u00e7\u00f5es e Reformas Petr\u00f3polis e Rio de Janeiro\",\"publisher\":{\"@id\":\"https:\/\/equipefenix.com.br\/construcoes\/#organization\"},\"potentialAction\":[{\"@type\":\"SearchAction\",\"target\":{\"@type\":\"EntryPoint\",\"urlTemplate\":\"https:\/\/equipefenix.com.br\/construcoes\/?s={search_term_string}\"},\"query-input\":{\"@type\":\"PropertyValueSpecification\",\"valueRequired\":true,\"valueName\":\"search_term_string\"}}],\"inLanguage\":\"pt-BR\"},{\"@type\":\"Organization\",\"@id\":\"https:\/\/equipefenix.com.br\/construcoes\/#organization\",\"name\":\"EQUIPE FENIX\",\"url\":\"https:\/\/equipefenix.com.br\/construcoes\/\",\"logo\":{\"@type\":\"ImageObject\",\"inLanguage\":\"pt-BR\",\"@id\":\"https:\/\/equipefenix.com.br\/construcoes\/#\/schema\/logo\/image\/\",\"url\":\"https:\/\/equipefenix.com.br\/construcoes\/wp-content\/uploads\/2016\/01\/logox.png\",\"contentUrl\":\"https:\/\/equipefenix.com.br\/construcoes\/wp-content\/uploads\/2016\/01\/logox.png\",\"width\":206,\"height\":100,\"caption\":\"EQUIPE FENIX\"},\"image\":{\"@id\":\"https:\/\/equipefenix.com.br\/construcoes\/#\/schema\/logo\/image\/\"},\"sameAs\":[\"https:\/\/www.facebook.com\/Equipe-F\u00caNIX-Constru\u00e7\u00f5es-e-Reformas-1599403696778555\/\",\"https:\/\/www.instagram.com\/equipefenixrj\/\"]}]}<\/script>\n<!-- \/ Yoast SEO plugin. -->","yoast_head_json":{"title":"Reformas - EQUIPE FENIX Constru\u00e7\u00e3o e Reformas RJ","description":"Constru\u00e7\u00e3o e Reformas em Geral, Equipe Fenix atua \u00e9 especilizada em obras al\u00e9m de constru\u00e7\u00e3o e reforma de piscinas e Impermeabiliza\u00e7\u00e3o, Regi\u00e3o Serrana e Rio","robots":{"index":"index","follow":"follow","max-snippet":"max-snippet:-1","max-image-preview":"max-image-preview:large","max-video-preview":"max-video-preview:-1"},"canonical":"https:\/\/equipefenix.com.br\/construcoes\/index.php\/reformas\/","og_locale":"pt_BR","og_type":"article","og_title":"Reformas - EQUIPE FENIX Constru\u00e7\u00e3o e Reformas RJ","og_description":"Constru\u00e7\u00e3o e Reformas em Geral, Equipe Fenix atua \u00e9 especilizada em obras al\u00e9m de constru\u00e7\u00e3o e reforma de piscinas e Impermeabiliza\u00e7\u00e3o, Regi\u00e3o Serrana e Rio","og_url":"https:\/\/equipefenix.com.br\/construcoes\/index.php\/reformas\/","og_site_name":"EQUIPE FENIX Constru\u00e7\u00e3o e Reformas RJ","article_publisher":"https:\/\/www.facebook.com\/Equipe-F%c3%8aNIX-Constru%c3%a7%c3%b5es-e-Reformas-1599403696778555\/","article_modified_time":"2021-08-09T20:49:44+00:00","og_image":[{"width":1920,"height":800,"url":"https:\/\/equipefenix.com.br\/construcoes\/wp-content\/uploads\/2021\/08\/05.jpg","type":"image\/jpeg"}],"twitter_card":"summary_large_image","twitter_misc":{"Est. tempo de leitura":"3 minutos"},"schema":{"@context":"https:\/\/schema.org","@graph":[{"@type":"WebPage","@id":"https:\/\/equipefenix.com.br\/construcoes\/index.php\/reformas\/","url":"https:\/\/equipefenix.com.br\/construcoes\/index.php\/reformas\/","name":"Reformas - EQUIPE FENIX Constru\u00e7\u00e3o e Reformas RJ","isPartOf":{"@id":"https:\/\/equipefenix.com.br\/construcoes\/#website"},"primaryImageOfPage":{"@id":"https:\/\/equipefenix.com.br\/construcoes\/index.php\/reformas\/#primaryimage"},"image":{"@id":"https:\/\/equipefenix.com.br\/construcoes\/index.php\/reformas\/#primaryimage"},"thumbnailUrl":"https:\/\/equipefenix.com.br\/construcoes\/wp-content\/uploads\/2021\/08\/05.jpg","datePublished":"2016-01-15T12:03:47+00:00","dateModified":"2021-08-09T20:49:44+00:00","description":"Constru\u00e7\u00e3o e Reformas em Geral, Equipe Fenix atua \u00e9 especilizada em obras al\u00e9m de constru\u00e7\u00e3o e reforma de piscinas e Impermeabiliza\u00e7\u00e3o, Regi\u00e3o Serrana e Rio","breadcrumb":{"@id":"https:\/\/equipefenix.com.br\/construcoes\/index.php\/reformas\/#breadcrumb"},"inLanguage":"pt-BR","potentialAction":[{"@type":"ReadAction","target":["https:\/\/equipefenix.com.br\/construcoes\/index.php\/reformas\/"]}]},{"@type":"ImageObject","inLanguage":"pt-BR","@id":"https:\/\/equipefenix.com.br\/construcoes\/index.php\/reformas\/#primaryimage","url":"https:\/\/equipefenix.com.br\/construcoes\/wp-content\/uploads\/2021\/08\/05.jpg","contentUrl":"https:\/\/equipefenix.com.br\/construcoes\/wp-content\/uploads\/2021\/08\/05.jpg","width":1920,"height":800,"caption":"constru\u00e7\u00e3o na regi\u00e3o serrana"},{"@type":"BreadcrumbList","@id":"https:\/\/equipefenix.com.br\/construcoes\/index.php\/reformas\/#breadcrumb","itemListElement":[{"@type":"ListItem","position":1,"name":"In\u00edcio","item":"https:\/\/equipefenix.com.br\/construcoes\/"},{"@type":"ListItem","position":2,"name":"Reformas"}]},{"@type":"WebSite","@id":"https:\/\/equipefenix.com.br\/construcoes\/#website","url":"https:\/\/equipefenix.com.br\/construcoes\/","name":"EQUIPE FENIX Constru\u00e7\u00e3o e Reformas RJ","description":"Constru\u00e7\u00f5es e Reformas Petr\u00f3polis e Rio de Janeiro","publisher":{"@id":"https:\/\/equipefenix.com.br\/construcoes\/#organization"},"potentialAction":[{"@type":"SearchAction","target":{"@type":"EntryPoint","urlTemplate":"https:\/\/equipefenix.com.br\/construcoes\/?s={search_term_string}"},"query-input":{"@type":"PropertyValueSpecification","valueRequired":true,"valueName":"search_term_string"}}],"inLanguage":"pt-BR"},{"@type":"Organization","@id":"https:\/\/equipefenix.com.br\/construcoes\/#organization","name":"EQUIPE FENIX","url":"https:\/\/equipefenix.com.br\/construcoes\/","logo":{"@type":"ImageObject","inLanguage":"pt-BR","@id":"https:\/\/equipefenix.com.br\/construcoes\/#\/schema\/logo\/image\/","url":"https:\/\/equipefenix.com.br\/construcoes\/wp-content\/uploads\/2016\/01\/logox.png","contentUrl":"https:\/\/equipefenix.com.br\/construcoes\/wp-content\/uploads\/2016\/01\/logox.png","width":206,"height":100,"caption":"EQUIPE FENIX"},"image":{"@id":"https:\/\/equipefenix.com.br\/construcoes\/#\/schema\/logo\/image\/"},"sameAs":["https:\/\/www.facebook.com\/Equipe-F\u00caNIX-Constru\u00e7\u00f5es-e-Reformas-1599403696778555\/","https:\/\/www.instagram.com\/equipefenixrj\/"]}]}},"_links":{"self":[{"href":"https:\/\/equipefenix.com.br\/construcoes\/index.php\/wp-json\/wp\/v2\/pages\/18","targetHints":{"allow":["GET"]}}],"collection":[{"href":"https:\/\/equipefenix.com.br\/construcoes\/index.php\/wp-json\/wp\/v2\/pages"}],"about":[{"href":"https:\/\/equipefenix.com.br\/construcoes\/index.php\/wp-json\/wp\/v2\/types\/page"}],"author":[{"embeddable":true,"href":"https:\/\/equipefenix.com.br\/construcoes\/index.php\/wp-json\/wp\/v2\/users\/1"}],"replies":[{"embeddable":true,"href":"https:\/\/equipefenix.com.br\/construcoes\/index.php\/wp-json\/wp\/v2\/comments?post=18"}],"version-history":[{"count":40,"href":"https:\/\/equipefenix.com.br\/construcoes\/index.php\/wp-json\/wp\/v2\/pages\/18\/revisions"}],"predecessor-version":[{"id":506,"href":"https:\/\/equipefenix.com.br\/construcoes\/index.php\/wp-json\/wp\/v2\/pages\/18\/revisions\/506"}],"wp:featuredmedia":[{"embeddable":true,"href":"https:\/\/equipefenix.com.br\/construcoes\/index.php\/wp-json\/wp\/v2\/media\/548"}],"wp:attachment":[{"href":"https:\/\/equipefenix.com.br\/construcoes\/index.php\/wp-json\/wp\/v2\/media?parent=18"}],"curies":[{"name":"wp","href":"https:\/\/api.w.org\/{rel}","templated":true}]}}